{"id":1350,"date":"2022-08-23T22:10:02","date_gmt":"2022-08-23T20:10:02","guid":{"rendered":"https:\/\/www.coambib.org\/?page_id=1350"},"modified":"2025-11-28T11:38:06","modified_gmt":"2025-11-28T10:38:06","slug":"peritos-ambientales","status":"publish","type":"page","link":"https:\/\/www.coambib.org\/es\/servicios\/peritos-ambientales\/","title":{"rendered":"Peritos Ambientales"},"content":{"rendered":"<h4>\u00bfQu\u00e9 es el peritaje ambiental?<\/h4>\r\n<p>El peritaje ambiental es un \u00e1rea del peritaje que tiene un gran potencial. A pesar de ser una especializaci\u00f3n joven en comparaci\u00f3n con otras \u00e1reas t\u00e9cnicas, la creciente regulaci\u00f3n ambiental en nuestro pa\u00eds en los \u00faltimos a\u00f1os ha generado una mayor demanda por parte de los \u00f3rganos judiciales. Como resultado, cada vez existen m\u00e1s procedimientos o disputas judiciales relacionadas con la regulaci\u00f3n legal del medio ambiente, donde el juez y las partes necesitan la asistencia de expertos en la materia, es decir, peritos ambientales.\u00a0<\/p>\r\n\r\n\r\n\r\n<p>Seg\u00fan la Ley 1\/2000, de 7 de enero, de enjuiciamiento civil, en un proceso judicial, \u201c<em>si son necesarios conocimientos cient\u00edficos, art\u00edsticos, t\u00e9cnicos o pr\u00e1cticos para valorar hechos o circunstancias relevantes en el asunto o adquirir certeza sobre los mismos, las partes pueden aportar al proceso el dictamen de peritos que posean los conocimientos correspondientes o solicitar, en los casos previstos por la presente ley, que un perito designado por el tribunal emita un dictamen<\/em>&#8220;.<\/p>\r\n\r\n\r\n\r\n<p>Por eso el COAMBIB pone a disposici\u00f3n la inscripci\u00f3n al <strong>Registro de Peritos<\/strong> con el objetivo de facilitar el acceso a la actividad profesional de perito ambiental.<\/p>\r\n<h4>\u00bfEn qu\u00e9 consiste una prueba pericial?<\/h4>\r\n<p>El objeto del dictamen pericial es aportar al juez conocimiento y experiencia sobre hechos que deban ser valorados mediante conocimientos cient\u00edficos, art\u00edsticos, t\u00e9cnicos o pr\u00e1cticos. <strong>En el caso de los peritos ambientales, tendr\u00e1n que aportar al juez los conocimientos propios de su especialidad<\/strong>.<\/p>\r\n<p>Imaginemos el caso de un delito ambiental, por ejemplo, el de una empresa que es denunciada por haber llevado a cabo un vertido ilegal de diversas sustancias, a la que se atribuye la contaminaci\u00f3n de fincas cercanas dedicadas al cultivo, de aguas subterr\u00e1neas, etc.<\/p>\r\n<p>Para condenar o absolver a la empresa, el juez necesita disponer de informaci\u00f3n espec\u00edfica. Por ejemplo: qu\u00e9 sustancias se han vertido y si son o no contaminantes; si la empresa necesitaba licencias administrativas para realizar la actividad y si ha cumplido la normativa relativa al tratamiento de estas sustancias; si la contaminaci\u00f3n denunciada existe y si es consecuencia de la actividad desarrollada por la empresa denunciada; si existe riesgo para el medio ambiente o para las personas; etc. Asimismo, en caso de que el juez deba condenar a la empresa, tambi\u00e9n necesita saber qu\u00e9 medidas ser\u00edan necesarias para restaurar el medio natural alterado.<\/p>\r\n<p>Dado el car\u00e1cter t\u00e9cnico y especializado de estas cuestiones, es imposible que el juez pueda determinar su totalidad sin la ayuda de un especialista, que en este caso ser\u00e1 un perito ambiental.<\/p>\r\n<h4>\u00bfQui\u00e9n puede solicitar un perito?<\/h4>\r\n<p>En la Ley 1\/2000, de 7 de enero, de Enjuiciamiento Civil, concretamente en el cap\u00edtulo sexto, secci\u00f3n 5\u00aa, relativo al dictamen de peritos, se especifican cu\u00e1les son los aspectos a tener en cuenta antes de aceptar un peritaje: \u201c<em>La designaci\u00f3n de un perito puede ser solicitada por cualquiera de las partes implicadas en un procedimiento o puede ser por designaci\u00f3n judicial. Sin embargo, el tribunal podr\u00e1 designar un \u00fanico perito para que emita un informe com\u00fan para todas las partes. En este caso, el pago de los honorarios del perito corresponde a ambos litigantes a partes iguales.<\/em>\u201d<\/p>\r\n<h4>\u00bfA qu\u00e9 est\u00e1s obligado como perito?<\/h4>\r\n<p><strong>Preparaci\u00f3n acad\u00e9mica:<\/strong> de acuerdo con la Ley 1\/2000, \u201cE<em>Los peritos tendr\u00e1n el t\u00edtulo oficial que corresponda a la materia objeto del dictamen ya su naturaleza. Si se trata de materias que no est\u00e9n incluidas en t\u00edtulos profesionales oficiales, ser\u00e1n nombrados entre personas expertas en estas materias.<\/em>\u201d<\/p>\r\n<p><strong>Plazos y juramento:<\/strong> una vez comunicada al perito su designaci\u00f3n, \u00e9ste dispondr\u00e1 de dos d\u00edas h\u00e1biles para manifestar si acepta el encargo. Si la acepta, se formaliza el nombramiento y el perito debe declarar, bajo juramento o promesa, que \u201c<em>ha actuado y, en su caso, que actuar\u00e1 con la m\u00e1xima objetividad posible; que tiene en cuenta tanto lo que pueda favorecer como lo que pueda perjudicar a cualquiera de las partes, y que conoce las sanciones penales en las que puede incurrir si incumple sus deberes como perito.<\/em>\u201d<\/p>\r\n<p><strong>Presencia en el juicio:<\/strong> tanto las partes como el tribunal podr\u00e1n solicitar que los peritos autores de los dict\u00e1menes comparezcan en el juicio o, en su caso, a la vista del juicio verbal. En este caso, el perito deber\u00e1 exponer o explicar el dictamen, responder a preguntas, atender reparos o propuestas de rectificaci\u00f3n o intervenir de cualquier otra forma, seg\u00fan lo que pidan las partes.<\/p>\r\n<p><strong>Presentaci\u00f3n del peritaje:<\/strong> el perito designado por el tribunal debe emitir el dictamen por escrito y hacerlo llegar al tribunal dentro del plazo que se le haya indicado. Este dictamen se trasladar\u00e1 tambi\u00e9n a las partes, para que puedan valorar si consideran necesario que el perito comparezca al juicio oa la vista, con el objetivo de aportar las aclaraciones o explicaciones que sean pertinentes.<\/p>\r\n<h4>\u00bfA qu\u00e9 tienes derecho como perito?<\/h4>\r\n<p><strong>Derecho a renunciar al nombramiento como perito:<\/strong> los peritos designados pueden rechazar la aceptaci\u00f3n del peritaje alegando causa justificada, que ser\u00e1 valorada por el tribunal. Si el tribunal la considera suficientemente justificada, el perito inicialmente nombrado quedar\u00e1 excusado y ser\u00e1 sustituido por el siguiente de la lista.<\/p>\r\n<p><strong>Cobro de honorarios (plazos y provisi\u00f3n de fondos):<\/strong> el peritaje es una tarea remunerada y, por tanto, todo perito tiene derecho a percibir honorarios por su actuaci\u00f3n. El perito designado podr\u00e1 solicitar, dentro de los tres d\u00edas posteriores al nombramiento, una provisi\u00f3n de fondos o anticipo de honorarios por el importe que considere necesario, que se descontar\u00e1 de la liquidaci\u00f3n final.<\/p>\r\n<p>Si el tribunal considera que la cantidad solicitada es adecuada, ordenar\u00e1 a la parte o partes que hayan propuesto la prueba pericial que depositen el importe fijado en la cuenta de dep\u00f3sitos y consignaciones del tribunal en el plazo de cinco d\u00edas. Transcurrido este plazo, si la cantidad no se ha depositado, el perito quedar\u00e1 exento de emitir el dictamen y no se podr\u00e1 realizar una nueva designaci\u00f3n.<\/p>\r\n<h2><strong>Inscripci\u00f3n en el registro de peritos ambientales del COAMBIB 2026<\/strong><\/h2>\r\n<p>Para poder inscribirse en el listado de peritos ambientales del COAMBIB, debes tener en cuenta las siguientes consideraciones:<\/p>\r\n<ul>\r\n<li>Estar colegiado en el COAMBIB.<\/li>\r\n<li>Estar graduado o licenciado en ciencias ambientales.<\/li>\r\n<li>Se recomienda haber cursado alg\u00fan curso de peritaje ambiental.<\/li>\r\n<li><span style=\"font-size: inherit;\">Disponer de un Seguro de Responsabilidad Civil que cubra las funciones de Perito Ambiental.<\/span><\/li>\r\n<li>Declarar no estar inhabilitado para el ejercicio profesional, ni incurrir en incompatibilidad alguna para actuar ante los tribunales como perito.<\/li>\r\n<li><span style=\"font-size: inherit;\">Declarar estar en situaci\u00f3n de alta fiscal para el ejercicio profesional o en disposici\u00f3n de tramitarla, en su caso, en caso de ser requerido como perito.<\/span><\/li>\r\n<li><span style=\"font-size: inherit;\">Su nombre ser\u00e1 incluido en los listados que se generen y que ser\u00e1n enviados a las audiencias correspondientes ya otros colegios profesionales, si as\u00ed lo autoriza.<\/span><\/li>\r\n<li><span style=\"font-size: inherit;\">El listado de peritos ambientales extrajudiciales se publicar\u00e1 en la web de COAMBIB.<\/span><\/li>\r\n<li><span style=\"font-size: inherit;\">En caso de ejercer como perito judicial, acepta desarrollar su tarea de acuerdo con los principios establecidos en el C\u00f3digo Deontol\u00f3gico de los ambient\u00f3logos.<\/span><\/li>\r\n<\/ul>\r\n<p><strong>Puedes inscribirte en:<\/strong><\/p>\r\n<ul>\r\n<li>Listado de Peritos Judiciales de las Illes Balears y de otras comunidades aut\u00f3nomas.<\/li>\r\n<li>Listado de Peritos extrajudiciales o peritos a instancia de parto.<\/li>\r\n<\/ul>\r\n<p>Las actualizaciones de las inscripciones se realizar\u00e1n al final de cada a\u00f1o. Plazo para la inscripci\u00f3n de peritos ambientales para el a\u00f1o 2026, <strong>8 de diciembre de 2025<\/strong>.<\/p>\r\n<h3>Inscripciones <a href=\"https:\/\/forms.gle\/fE9WxY8h2RYe3x497\">aqu\u00ed<\/a>.<\/h3>","protected":false},"excerpt":{"rendered":"<p>Qu\u00e8 \u00e9s el peritatge ambiental? El peritatge ambiental \u00e9s una \u00e0rea del peritatge que t\u00e9 un gran potencial. Tot i ser una especialitzaci\u00f3 jove en comparaci\u00f3 amb altres \u00e0rees t\u00e8cniques, la creixent regulaci\u00f3 ambiental en el nostre pa\u00eds en els \u00faltims anys ha generat una demanda m\u00e9s elevada per part dels \u00f2rgans judicials. Com a &#8230; <\/p>\n<p class=\"read-more-container\"><a title=\"Peritos Ambientales\" class=\"read-more button\" href=\"https:\/\/www.coambib.org\/es\/servicios\/peritos-ambientales\/#more-1350\" aria-label=\"Leer m\u00e1s sobre Perits Ambientals\"> Leer m\u00e1s\u2026<\/a><\/p>","protected":false},"author":1,"featured_media":4658,"parent":100,"menu_order":0,"comment_status":"closed","ping_status":"closed","template":"","meta":{"_acf_changed":false,"footnotes":""},"class_list":["post-1350","page","type-page","status-publish","has-post-thumbnail"],"acf":[],"_links":{"self":[{"href":"https:\/\/www.coambib.org\/es\/wp-json\/wp\/v2\/pages\/1350","targetHints":{"allow":["GET"]}}],"collection":[{"href":"https:\/\/www.coambib.org\/es\/wp-json\/wp\/v2\/pages"}],"about":[{"href":"https:\/\/www.coambib.org\/es\/wp-json\/wp\/v2\/types\/page"}],"author":[{"embeddable":true,"href":"https:\/\/www.coambib.org\/es\/wp-json\/wp\/v2\/users\/1"}],"replies":[{"embeddable":true,"href":"https:\/\/www.coambib.org\/es\/wp-json\/wp\/v2\/comments?post=1350"}],"version-history":[{"count":10,"href":"https:\/\/www.coambib.org\/es\/wp-json\/wp\/v2\/pages\/1350\/revisions"}],"predecessor-version":[{"id":5627,"href":"https:\/\/www.coambib.org\/es\/wp-json\/wp\/v2\/pages\/1350\/revisions\/5627"}],"up":[{"embeddable":true,"href":"https:\/\/www.coambib.org\/es\/wp-json\/wp\/v2\/pages\/100"}],"wp:featuredmedia":[{"embeddable":true,"href":"https:\/\/www.coambib.org\/es\/wp-json\/wp\/v2\/media\/4658"}],"wp:attachment":[{"href":"https:\/\/www.coambib.org\/es\/wp-json\/wp\/v2\/media?parent=1350"}],"curies":[{"name":"wp","href":"https:\/\/api.w.org\/{rel}","templated":true}]}}