{"id":260,"date":"2021-11-30T09:00:32","date_gmt":"2021-11-30T08:00:32","guid":{"rendered":"https:\/\/www.coambclm.es\/?page_id=260"},"modified":"2025-04-05T13:47:12","modified_gmt":"2025-04-05T11:47:12","slug":"politica-de-cookies","status":"publish","type":"page","link":"https:\/\/www.coambib.org\/es\/politica-de-cookies\/","title":{"rendered":"Pol\u00edtica de Galletas"},"content":{"rendered":"<div>\n<p>Nuestra Pol\u00edtica de Cookies explica qu\u00e9 son las cookies y c\u00f3mo las utilizamos, los tipos de cookies que utilizamos, es decir, la informaci\u00f3n que recopilamos mediante las cookies y c\u00f3mo se utiliza esta informaci\u00f3n, y c\u00f3mo controlar las preferencias de las cookies.<\/p>\n<p>Para m\u00e1s informaci\u00f3n sobre qui\u00e9nes somos y sobre c\u00f3mo utilizamos, almacenamos y mantenemos seguros sus datos personales, consulte nuestro Aviso Legal y Pol\u00edtica de Privacidad.<\/p>\n<h3>\u00bfQu\u00e9 son las galletas?<\/h3>\n<p>Las cookies son peque\u00f1os archivos de texto que se utilizan para almacenar peque\u00f1as piezas de informaci\u00f3n. Se almacenan en el dispositivo cuando se carga el sitio web en el navegador. Estas cookies nos ayudan a que el sitio web funcione correctamente, hacerlo m\u00e1s seguro, proporcionar una mejor experiencia al usuario y entender c\u00f3mo funciona el sitio web y analizar lo que funciona y lo que es necesario mejorar.<\/p>\n<h3>\u00bfC\u00f3mo utilizamos las cookies?<\/h3>\n<p>Como la mayor\u00eda de los servicios online, nuestro sitio web utiliza cookies de origen y de terceros con diversas finalidades. Las cookies de origen son, en su mayor\u00eda, necesarias para que el sitio web funcione correctamente, y no recogen ning\u00fan dato personal identificable.<\/p>\n<p>Las cookies de terceros que se usan en nuestro sitio web sirven principalmente para comprender el funcionamiento del sitio web, como usted interact\u00faa con \u00e9l, mantener la seguridad de nuestros servicios, ofrecer anuncios que sean relevantes para usted y, en definitiva, ofrecerle una experiencia de usuario mejorada y ayudar a acelerar las futuras interacciones con nuestro sitio web.<\/p>\n<p>Nuestra Pol\u00edtica de Cookies explica qu\u00e9 son las cookies y c\u00f3mo las utilizamos, los tipos de cookies que utilizamos, es decir, la informaci\u00f3n que recopilamos mediante las cookies y c\u00f3mo se utiliza esta informaci\u00f3n, y c\u00f3mo controlar las preferencias de las cookies.<\/p>\n<p>Para m\u00e1s informaci\u00f3n sobre qui\u00e9nes somos y sobre c\u00f3mo utilizamos, almacenamos y mantenemos seguros sus datos personales, consulte nuestro Aviso Legal y Pol\u00edtica de Privacidad.<\/p>\n<h3>\u00bfQu\u00e9 tipos de galletas utilizamos?<\/h3>\n<p><strong>Esenciales:<\/strong> Algunas cookies son esenciales para que usted pueda experimentar la funcionalidad completa de nuestro sitio. Nos permiten mantener las sesiones de los usuarios y prevenir cualquier amenaza de seguridad. No recogen ni almacenan informaci\u00f3n personal alguna. Por ejemplo, estas cookies le permiten iniciar sesi\u00f3n en su cuenta y a\u00f1adir productos a su cesta, as\u00ed como efectuar el pago de forma segura.<\/p>\n<p><strong>Estad\u00edsticas<\/strong>: Estas cookies almacenan informaci\u00f3n como el n\u00famero de visitantes del sitio web, el n\u00famero de visitantes \u00fanicos, qu\u00e9 p\u00e1ginas del sitio web han sido visitadas, el origen de la visita, etc. Estos datos nos ayudan a comprender y analizar el rendimiento del sitio web y los aspectos a mejorar.<\/p>\n<p><strong>Marketing:<\/strong> Nuestro sitio web muestra anuncios. Estas cookies se utilizan para personalizar los anuncios que le mostramos para que sean significativos para usted. Estas cookies tambi\u00e9n nos ayudan a realizar un seguimiento de la eficacia de estas campa\u00f1as publicitarias. La informaci\u00f3n almacenada en estas cookies tambi\u00e9n puede ser utilizada por los proveedores de publicidad de terceros para mostrar anuncios en otros sitios web en su navegador tambi\u00e9n.<\/p>\n<p><strong>Funcionales:<\/strong> Son las cookies que ayudan a ciertas funcionalidades no esenciales de nuestro sitio web. Estas funcionalidades incluyen la incrustaci\u00f3n de contenidos como v\u00eddeos o compartir contenidos del sitio web en plataformas de medios sociales.<\/p>\n<p><strong>Preferencias:<\/strong> Estas cookies nos ayudan a almacenar su configuraci\u00f3n y preferencias de navegaci\u00f3n, como las preferencias de idioma, para que tenga una experiencia mejor y m\u00e1s eficiente en futuras visitas al sitio web.<\/p>\n<p>La llista seg\u00fcent detalla les galetes utilitzades al nostre lloc web.<\/p><table class=\"cookielawinfo-row-cat-table cookielawinfo-classic\"><thead><tr><th class=\"cookielawinfo-column-1\">Cookie<\/th><th class=\"cookielawinfo-column-4\">Descripci\u00f3n<\/th><\/tr><\/thead><tbody><tr class=\"cookielawinfo-row\"><td class=\"cookielawinfo-column-1\">_ga<\/td><td class=\"cookielawinfo-column-4\">La _ga cookie, instalada por Google Analytics, calculadas visitor, sesi\u00f3n y campaign fecha y tambi\u00e9n a los archivos de archivo usado para el site&#039;s analytics report. La cookie stores information anonymously and assigns a randomly generated number to recognize unique visitors.<\/td><\/tr><tr class=\"cookielawinfo-row\"><td class=\"cookielawinfo-column-1\">_ga_Q7XCRJDH74<\/td><td class=\"cookielawinfo-column-4\">Esta cookie est\u00e1 instalada por Google Analytics.<\/td><\/tr><tr class=\"cookielawinfo-row\"><td class=\"cookielawinfo-column-1\">CONSIENTE<\/td><td class=\"cookielawinfo-column-4\">YouTube sets esta cookie v\u00eda embedded youtube-videos and registers anonymous statistical data.<\/td><\/tr><tr class=\"cookielawinfo-row\"><td class=\"cookielawinfo-column-1\">cookielawinfo-checbox-analytics<\/td><td class=\"cookielawinfo-column-4\">Esta cookie es set by GDPR Cookie Consent plugin. Cookie se utiliza para guardar el usuario consentiendo las cookies en la categor\u00eda &quot;Analytics&quot;.<\/td><\/tr><tr class=\"cookielawinfo-row\"><td class=\"cookielawinfo-column-1\">cookielawinfo-checbox-functional<\/td><td class=\"cookielawinfo-column-4\">La cookie est\u00e1 sujeta a la GDPR cookie consiente al recuerdo del usuario consiente para las cookies en la categor\u00eda &quot;Functional&quot;.<\/td><\/tr><tr class=\"cookielawinfo-row\"><td class=\"cookielawinfo-column-1\">cookielawinfo-checbox-others<\/td><td class=\"cookielawinfo-column-4\">Esta cookie es set by GDPR Cookie Consent plugin. Cookie se utiliza para guardar el usuario consentiendo las cookies en la categor\u00eda &quot;Other.<\/td><\/tr><tr class=\"cookielawinfo-row\"><td class=\"cookielawinfo-column-1\">cookielawinfo-checkbox-advertisement<\/td><td class=\"cookielawinfo-column-4\">Siete por el GDPR Cookie Consent plugin, esta cookie se utiliza para recordar el usuario consent para las cookies en la &quot;Advertisement&quot; category .<\/td><\/tr><tr class=\"cookielawinfo-row\"><td class=\"cookielawinfo-column-1\">cookielawinfo-checkbox-necessary<\/td><td class=\"cookielawinfo-column-4\">Esta cookie es set by GDPR Cookie Consent plugin. Las cookies se utilizan para almacenar el usuario consiente para las cookies en la categor\u00eda &quot;Necesario&quot;.<\/td><\/tr><tr class=\"cookielawinfo-row\"><td class=\"cookielawinfo-column-1\">cookielawinfo-checkbox-performance<\/td><td class=\"cookielawinfo-column-4\">Esta cookie es set by GDPR Cookie Consent plugin. Cookie se utiliza para guardar el usuario consentiendo las cookies en la categor\u00eda &quot;Performance&quot;.<\/td><\/tr><tr class=\"cookielawinfo-row\"><td class=\"cookielawinfo-column-1\">CookieLawInfoConsent<\/td><td class=\"cookielawinfo-column-4\">Recuerdos el default button state of corresponding category &amp; status of CCPA. It works only in coordination with the primary cookie.<\/td><\/tr><tr class=\"cookielawinfo-row\"><td class=\"cookielawinfo-column-1\">viewed_cookie_policy<\/td><td class=\"cookielawinfo-column-4\">La cookie se encuentra mediante el GDPR Cookie Consent plugin y se utiliza para el almacenamiento de where o no se ha consentido para utilizar cookies. It does not store a\u00f1o personal fecha.<\/td><\/tr><\/tbody><\/table>\n<p>&nbsp;<\/p>\n<h3>\u00bfC\u00f3mo puedo controlar las preferencias de cookies?<\/h3>\n<p>Si decide cambiar sus preferencias m\u00e1s adelante en la sesi\u00f3n de navegaci\u00f3n, puede modificar en cualquier momento su consentimiento:<\/p>\n<div class=\"cli_user_consent_state\">Tu estado actual: No se ha dado el consentimiento. <a class=\"cli_manage_current_consent\" style=\"cursor:pointer;text-decoration:underline;\">Gestiona tu consentimiento.<\/a> <\/div>\n<p>Adem\u00e1s, los distintos navegadores ofrecen distintos m\u00e9todos para bloquear y eliminar las cookies utilizadas por los sitios web. Puede cambiar la configuraci\u00f3n de su navegador para bloquear o eliminar las cookies.<\/p>\n<p>Para saber m\u00e1s sobre c\u00f3mo gestionar y eliminar las cookies, puede consultar <a href=\"https:\/\/www.wikipedia.org\/\">wikipedia.org<\/a><\/p>\n<\/div>","protected":false},"excerpt":{"rendered":"<p>La nostra Pol\u00edtica de Galetes explica qu\u00e8 s\u00f3n les galetes i com les utilitzem, els tipus de galetes que fem servir, \u00e9s a dir, la informaci\u00f3 que recopilem mitjan\u00e7ant les galetes i com es fa servir aquesta informaci\u00f3, i com controlar les prefer\u00e8ncies de les galetes. Per a m\u00e9s informaci\u00f3 sobre qui som i sobre &#8230; <\/p>\n<p class=\"read-more-container\"><a title=\"Pol\u00edtica de Galletas\" class=\"read-more button\" href=\"https:\/\/www.coambib.org\/es\/politica-de-cookies\/#more-260\" aria-label=\"Leer m\u00e1s sobre Pol\u00edtica de Galetes\"> Leer m\u00e1s\u2026<\/a><\/p>","protected":false},"author":1,"featured_media":0,"parent":0,"menu_order":0,"comment_status":"closed","ping_status":"closed","template":"","meta":{"_acf_changed":false,"footnotes":""},"class_list":["post-260","page","type-page","status-publish"],"acf":[],"_links":{"self":[{"href":"https:\/\/www.coambib.org\/es\/wp-json\/wp\/v2\/pages\/260","targetHints":{"allow":["GET"]}}],"collection":[{"href":"https:\/\/www.coambib.org\/es\/wp-json\/wp\/v2\/pages"}],"about":[{"href":"https:\/\/www.coambib.org\/es\/wp-json\/wp\/v2\/types\/page"}],"author":[{"embeddable":true,"href":"https:\/\/www.coambib.org\/es\/wp-json\/wp\/v2\/users\/1"}],"replies":[{"embeddable":true,"href":"https:\/\/www.coambib.org\/es\/wp-json\/wp\/v2\/comments?post=260"}],"version-history":[{"count":6,"href":"https:\/\/www.coambib.org\/es\/wp-json\/wp\/v2\/pages\/260\/revisions"}],"predecessor-version":[{"id":4934,"href":"https:\/\/www.coambib.org\/es\/wp-json\/wp\/v2\/pages\/260\/revisions\/4934"}],"wp:attachment":[{"href":"https:\/\/www.coambib.org\/es\/wp-json\/wp\/v2\/media?parent=260"}],"curies":[{"name":"wp","href":"https:\/\/api.w.org\/{rel}","templated":true}]}}