{"id":267,"date":"2021-11-30T09:27:13","date_gmt":"2021-11-30T08:27:13","guid":{"rendered":"https:\/\/www.coambclm.es\/?page_id=267"},"modified":"2025-04-05T13:36:21","modified_gmt":"2025-04-05T11:36:21","slug":"aviso-legal","status":"publish","type":"page","link":"https:\/\/www.coambib.org\/es\/aviso-legal\/","title":{"rendered":"Aviso Legal"},"content":{"rendered":"<h2 id=\"identificacin-y-titularidad\">Identificaci\u00f3n y Titularidad<\/h2>\n<p>En cumplimiento del art\u00edculo 10 de la Ley 34\/2002, de 11 de julio, de servicios de la Sociedad de la Informaci\u00f3n y Comercio Electr\u00f3nico, el Titular expone sus datos identificativos:<\/p>\n<ul>\n<li>Raz\u00f3n Social: <strong>Colegio Profesional de Licenciados y Doctores en Ciencias Ambientales de las Illes Balears<\/strong><\/li>\n<li>NIF: Q0700786G<\/li>\n<li>Direcci\u00f3n postal: Estudi General Lul\u00b7li\u00e0. C\/ San Roque, 4 \u2013 07001 Palma.<\/li>\n<li>Sitio web: <a href=\"https:\/\/www.coambib.org\/es\/\">coambib.org<\/a><\/li>\n<li><a href=\"https:\/\/www.coambib.org\/es\/contacto\/\"><strong>Datos de contacto<\/strong><\/a><\/li>\n<\/ul>\n<h2 id=\"finalidad\">Finalidad<\/h2>\n<p>La finalidad del sitio web es la prestaci\u00f3n de servicios e informaci\u00f3n relativa al Colegio Profesional de Licenciados y Doctores en Ciencias Ambientales de las Illes Balears.<\/p>\n<h2 id=\"condiciones-de-uso\">Condiciones de uso<\/h2>\n<p>La utilizaci\u00f3n del sitio web le otorga la condici\u00f3n de Usuario, e implica la aceptaci\u00f3n completa de todas las cl\u00e1usulas y condiciones de uso incluidas en el mismo\u00a0<strong>Aviso Legal<\/strong>\u00a0y en las p\u00e1ginas:<\/p>\n<ul>\n<li><a href=\"https:\/\/www.coambib.org\/es\/politica-de-privacidad\/\">Pol\u00edtica de Privacidad<\/a><\/li>\n<li><a href=\"https:\/\/www.coambib.org\/es\/politica-de-cookies\/\">Pol\u00edtica de Galletas<\/a><\/li>\n<\/ul>\n<p>Si no est\u00e1 de acuerdo con todas y cada una de estas cl\u00e1usulas y condiciones abst\u00e9ngase a utilizar este sitio web.<\/p>\n<p>El acceso a este sitio web no supone, en modo alguno, el inicio de una relaci\u00f3n comercial con el titular.<\/p>\n<p>A trav\u00e9s de este sitio web, el Titular le facilita el acceso y la utilizaci\u00f3n de diversos contenidos que el Titular o sus colaboradores han publicado a trav\u00e9s de Internet.<\/p>\n<p>A tal efecto, usted est\u00e1 obligado y comprometido a NO utilizar cualquiera de los contenidos del sitio web con fines o efectos il\u00edcitos, prohibidos en este Aviso Legal o por la legislaci\u00f3n vigente, lesivos de los derechos e intereses de terceros, o que de cualquier modo puedan da\u00f1ar, inutilizar, sobrecargar, deteriorar o impedir la utilizaci\u00f3n normal de los contenidos, los equipos inform\u00e1ticos o los documentos, , de otros usuarios o de cualquier usuario de Internet.<\/p>\n<h2 id=\"mayora-de-edad-smallopcionalsmall\">Mayor\u00eda de edad<\/h2>\n<p>Debe tener al menos 18 a\u00f1os para utilizar los servicios ofrecidos por el Titular o la mayor\u00eda de edad que se requiera su pa\u00eds para registrarse en el sitio web o usarlo. Si reside en un pa\u00eds que no pertenezca a la Regi\u00f3n europea, debe tener al menos 13 a\u00f1os para usar el sitio web o la mayor\u00eda de edad que se requiera su pa\u00eds para registrarse en el sitio web o usarlo.<\/p>\n<p>Adem\u00e1s de tener la edad m\u00ednima requerida para utilizar el sitio web en virtud de la ley aplicable, si no tiene suficiente edad para poder aceptar nuestras condiciones en su pa\u00eds, su padre, madre, o tutor deben aceptar nuestras condiciones en su nombre.<\/p>\n<h2 id=\"medidas-de-seguridad\">Medidas de seguridad<\/h2>\n<p>Los datos personales que facilite al Titular podr\u00e1n ser almacenados en bases de datos automatizadas o no, cuya titularidad corresponde en exclusiva al Titular, que asume todas las medidas de \u00edndole t\u00e9cnica, organizativa y de seguridad que garanticen la confidencialidad, integridad y calidad de la informaci\u00f3n contenida en las mismas de acuerdo con lo establecido en la normativa vigente en protecci\u00f3n.<\/p>\n<p>Sin embargo, debe ser consciente de que las medidas de seguridad de los sistemas inform\u00e1ticos en Internet no son enteramente fiables y que, por tanto, el Titular no puede garantizar la inexistencia de virus u otros elementos que puedan producir alteraciones en los sistemas inform\u00e1ticos (software y hardware) del Usuario o en sus documentos electr\u00f3nicos y ficheros contenidos en \u00e9stos aunque los Titulares .<\/p>\n<h2 id=\"datos-personales\">Datos personales<\/h2>\n<p>Puede consultar toda la informaci\u00f3n relativa al tratamiento de datos personales que recoge el Titular en la p\u00e1gina de la\u00a0<strong><a href=\"https:\/\/www.coambib.org\/es\/politica-de-privacidad\/\">Pol\u00edtica de Privacidad<\/a>.<\/strong><\/p>\n<h2 id=\"contenidos\">Contenidos<\/h2>\n<p>El Titular ha obtenido la informaci\u00f3n, contenido multimedia y materiales incluidos en el sitio web de fuentes que considera fiables, pero si bien ha tomado todas las medidas razonables para asegurar que la informaci\u00f3n contenida es correcta, el Titular no garantiza que sea exacta, completa o actualizada. El Titular declina expresamente cualquier responsabilidad por error u omisi\u00f3n a la informaci\u00f3n contenida en las p\u00e1ginas de este sitio web.<\/p>\n<p>Queda prohibido transmitir o enviar a trav\u00e9s del sitio web cualquier contenido ilegal o il\u00edcito, virus inform\u00e1ticos, o mensajes que, en general, afecten o violen derechos del Titular o de terceros.<\/p>\n<p>Los contenidos del Sitio Web tienen \u00fanicamente una finalidad informativa y bajo ninguna circunstancia deben usarse ni considerarse como oferta de venta, solicitud de una oferta de compra ni recomendaci\u00f3n para realizar cualquier otra operaci\u00f3n, salvo que as\u00ed se indique expresamente.<\/p>\n<p>El Titular se reserva el derecho a modificar, suspender, cancelar o restringir el contenido del Sitio Web, los enlaces o la informaci\u00f3n obtenida a trav\u00e9s del sitio web, sin necesidad de previo aviso.<\/p>\n<p>El Titular no es responsable de los da\u00f1os y perjuicios que pudieran derivarse de la utilizaci\u00f3n de la informaci\u00f3n del sitio web o de la contenida en las redes sociales del Titular.<\/p>\n<h2 id=\"poltica-de-cookies\">Pol\u00edtica de galletas<\/h2>\n<p>En la p\u00e1gina\u00a0<a href=\"https:\/\/www.coambib.org\/es\/politica-de-cookies\/\"><strong>Pol\u00edtica de Galletas<\/strong><\/a> puede consultar toda la informaci\u00f3n relativa a la pol\u00edtica de recogida y tratamiento de las cookies.<\/p>\n<h2 id=\"enlaces-de-inters-a-otros-sitios-web\">Enlaces de inter\u00e9s a otros sitios web<\/h2>\n<p>El Titular puede proporcionarle acceso a sitios web de terceros mediante enlaces con el fin de informar sobre la existencia de otras fuentes de informaci\u00f3n en Internet donde podr\u00e1 ampliar los datos ofrecidos en el sitio web.<\/p>\n<p>Estos enlaces a otros sitios web no suponen en ning\u00fan caso una sugerencia o recomendaci\u00f3n para que visite las p\u00e1ginas web de destino, que est\u00e1n fuera del control del Titular, por lo que Titular no es responsable del contenido de los sitios web vinculados ni del resultado que obtenga al seguir los enlaces.<\/p>\n<p>Asimismo, el Titular no responde a enlaces ubicados en los sitios web vinculados a los que le proporciona acceso.<\/p>\n<p>El establecimiento del enlace no implica en ning\u00fan caso la existencia de relaciones entre Titular y el propietario del sitio donde se establezca el enlace, ni la aceptaci\u00f3n o aprobaci\u00f3n por parte del Titular de sus contenidos o servicios.<\/p>\n<p>Si accede a un sitio web externo desde un enlace que encuentra en el Sitio Web debe leer la misma pol\u00edtica de privacidad del otro sitio web que puede ser diferente a la de este sitio web.<\/p>\n<h2 id=\"propiedad-intelectual-e-industrial\">Propiedad intelectual e industrial<\/h2>\n<p>Todos los derechos est\u00e1n reservados.<\/p>\n<p>Todo acceso a este sitio web est\u00e1 sujeto a las siguientes condiciones: la reproducci\u00f3n, almacenamiento permanente y la difusi\u00f3n de los contenidos o cualquier otro uso que tenga finalidad p\u00fablica o comercial queda expresamente prohibida sin el consentimiento previo expreso y por escrito del Titular.<\/p>\n<h2 id=\"limitacin-de-responsabilidad\">Limitaci\u00f3n de responsabilidad<\/h2>\n<p>La informaci\u00f3n y servicios incluidos o disponibles a trav\u00e9s de este sitio web pueden incluir incorrecciones o errores tipogr\u00e1ficos. De forma peri\u00f3dica el Titular incorpora mejoras y\/o cambios en la informaci\u00f3n contenida y\/o en los servicios que puede introducir en cualquier momento.<\/p>\n<p>El Titular no declara ni garantiza que los servicios o contenidos sean interrumpidos o est\u00e9n libres de errores, que los defectos sean corregidos, o que el servicio o servidor que lo pone a disposici\u00f3n est\u00e9n libres de virus u otros componentes nocivos sin perjuicio de que el Titular realiza todos los esfuerzos para evitar este tipo de incidentes.<\/p>\n<p>El Titular declina cualquier responsabilidad en caso de que existan interrupciones o un mal funcionamiento de los servicios o contenidos ofrecidos en Internet, cualquiera que sea su causa. Asimismo, el Titular no se hace responsable por ca\u00eddas de la red, p\u00e9rdidas de negocio a consecuencia de dichas ca\u00eddas, suspensiones temporales de fluido el\u00e9ctrico o cualquier otro tipo de da\u00f1o indirecto que pueda causarte por causas ajenas al Titular.<\/p>\n<p>Antes de tomar decisiones y\/o acciones sobre la base de la informaci\u00f3n incluida en el sitio web, el Titular le recomienda comprobar y contrastar la informaci\u00f3n recibida con otras fuentes.<\/p>\n<h2 id=\"derecho-de-exclusin-smallopcionalsmall\">Derecho de exclusi\u00f3n<\/h2>\n<p>El Titular se reserva el derecho a denegar o retirar el acceso al sitio web ya los servicios ofrecidos sin necesidad de preaviso, a instancia propia o de un tercero, a aquellos usuarios que incumplan cualquiera de las condiciones de este Aviso Legal.<\/p>\n<h2 id=\"jurisdiccin\">Jurisdicci\u00f3n<\/h2>\n<p>Este Aviso Legal se rige \u00edntegramente por la legislaci\u00f3n espa\u00f1ola.<\/p>\n<p>Siempre que no exista una norma que obligue a otra cosa, para todas las cuestiones que se susciten sobre la interpretaci\u00f3n, aplicaci\u00f3n y cumplimiento de este Aviso Legal, as\u00ed como de las reclamaciones que puedan derivarse de su uso, las partes acuerdan someterse a los Jueces y Tribunales de la provincia donde consta el domicilio del Titular, con renuncia expresa de cualquier otra jurisdicci\u00f3n que pudiera corresponderles.<\/p>\n<h2 id=\"contacto\">Contacto<\/h2>\n<p>En caso de que tenga cualquier duda sobre estas condiciones legales o desee realizar cualquier comentario sobre este sitio web, puede enviar un mensaje por <a href=\"https:\/\/www.coambib.org\/es\/contacto\/\">formulario de contacto<\/a><span class=\"resaltar\">.<\/span><\/p>\n<p><span class=\"resaltar\">\u00a0<\/span><\/p>","protected":false},"excerpt":{"rendered":"<p>Identificaci\u00f3 i Titularitat En compliment de l&#8217;article 10 de la Llei 34\/2002, d&#8217;11 de juliol, de serveis de la Societat de la Informaci\u00f3 i Comer\u00e7 Electr\u00f2nic, el Titular exposa les seves dades identificatives: Ra\u00f3 Social: Col\u00b7legi Professional de Llicenciats i Doctors en Ci\u00e8ncies Ambientals de les Illes Balears NIF: Q0700786G Direcci\u00f3 postal: Estudi General Lul\u00b7li\u00e0. &#8230; <\/p>\n<p class=\"read-more-container\"><a title=\"Aviso Legal\" class=\"read-more button\" href=\"https:\/\/www.coambib.org\/es\/aviso-legal\/#more-267\" aria-label=\"Leer m\u00e1s sobre Av\u00eds Legal\"> Leer m\u00e1s\u2026<\/a><\/p>","protected":false},"author":1,"featured_media":0,"parent":0,"menu_order":0,"comment_status":"closed","ping_status":"closed","template":"","meta":{"_acf_changed":false,"footnotes":""},"class_list":["post-267","page","type-page","status-publish"],"acf":[],"_links":{"self":[{"href":"https:\/\/www.coambib.org\/es\/wp-json\/wp\/v2\/pages\/267","targetHints":{"allow":["GET"]}}],"collection":[{"href":"https:\/\/www.coambib.org\/es\/wp-json\/wp\/v2\/pages"}],"about":[{"href":"https:\/\/www.coambib.org\/es\/wp-json\/wp\/v2\/types\/page"}],"author":[{"embeddable":true,"href":"https:\/\/www.coambib.org\/es\/wp-json\/wp\/v2\/users\/1"}],"replies":[{"embeddable":true,"href":"https:\/\/www.coambib.org\/es\/wp-json\/wp\/v2\/comments?post=267"}],"version-history":[{"count":10,"href":"https:\/\/www.coambib.org\/es\/wp-json\/wp\/v2\/pages\/267\/revisions"}],"predecessor-version":[{"id":4923,"href":"https:\/\/www.coambib.org\/es\/wp-json\/wp\/v2\/pages\/267\/revisions\/4923"}],"wp:attachment":[{"href":"https:\/\/www.coambib.org\/es\/wp-json\/wp\/v2\/media?parent=267"}],"curies":[{"name":"wp","href":"https:\/\/api.w.org\/{rel}","templated":true}]}}