{"id":3,"date":"2021-11-16T06:36:32","date_gmt":"2021-11-16T05:36:32","guid":{"rendered":"https:\/\/www.coambclm.es\/?page_id=3"},"modified":"2025-04-22T12:46:40","modified_gmt":"2025-04-22T10:46:40","slug":"politica-de-privacidad","status":"publish","type":"page","link":"https:\/\/www.coambib.org\/es\/politica-de-privacidad\/","title":{"rendered":"Pol\u00edtica de Privacidad"},"content":{"rendered":"<p>A continuaci\u00f3n le informamos sobre la pol\u00edtica de protecci\u00f3n de datos del COAMBIB:<\/p>\n<h3><strong>Responsable del tratamiento<\/strong><\/h3>\n<p>Los datos de car\u00e1cter personal que se pudieran solicitar directamente del interesado ser\u00e1n tratados de forma confidencial y quedar\u00e1n incorporados a la correspondiente actividad de tratamiento titularidad de:<\/p>\n<ul>\n<li>Raz\u00f3n Social:\u00a0<strong>Colegio Profesional de Licenciados y Doctores en Ciencias Ambientales de las Illes Balears<\/strong><\/li>\n<li>NIF: Q0700786G<\/li>\n<li>Decir. postal: Estudi General Lul\u00b7li\u00e0 . C\/ San Roque, 4 07001 Palma.<\/li>\n<li>Sitio web: coambib.org<\/li>\n<li><a href=\"https:\/\/www.coambib.org\/es\/contacto\/\"><strong>Datos de contacto<\/strong><\/a><\/li>\n<\/ul>\n<h3><strong>Finalidad<\/strong><\/h3>\n<p>Cuando se soliciten datos ser\u00e1 con alguna o algunas de estas finalidades:<\/p>\n<ol>\n<li>Gesti\u00f3n de clientes, contable, fiscal y administrativa. Incluye: Gesti\u00f3n econ\u00f3mica y contable, Gesti\u00f3n fiscal, Gesti\u00f3n administrativa, Gesti\u00f3n de facturaci\u00f3n, Gesti\u00f3n de clientes, Gesti\u00f3n de proveedores, Gesti\u00f3n de cobros y pagos, Consultor\u00edas, auditor\u00edas, asesor\u00edas y servicios relacionados e Hist\u00f3ricos de relaciones comerciales.<\/li>\n<li>Env\u00edo peri\u00f3dico de informaci\u00f3n sobre ofertas de trabajo, legislaci\u00f3n en materia de medio ambiente, formaci\u00f3n y otros contenidos de inter\u00e9s para ambient\u00f3logos y ambient\u00f3logas.<\/li>\n<li>Informar sobre su pertenencia a la entidad para que pueda acceder a descuentos.<\/li>\n<li>Contacto e inscripci\u00f3n en las p\u00f3lizas de nuestro seguro de Responsabilidad Civil Profesional y Responsabilidad Ambiental.<\/li>\n<li>Contacto para la elaboraci\u00f3n de escritos frente a administraciones p\u00fablicas a favor de la defensa de la figura profesional del ambient\u00f3logo.<\/li>\n<li>Contacto para la resoluci\u00f3n de consultas, consultas t\u00e9cnicas y env\u00edo de circulares t\u00e9cnicas.<\/li>\n<li>Confecci\u00f3n de listas de peritos ambientales que se remiten anualmente a los Juzgados de Espa\u00f1a.<\/li>\n<li>Y por lo general la prestaci\u00f3n de los servicios que ofrecemos.<\/li>\n<\/ol>\n<h3><strong>Legitimaci\u00f3n<\/strong><\/h3>\n<p>Las diferentes actividades de tratamiento necesitan su inequ\u00edvoco consentimiento que se dar\u00e1 mediante los medios utilizados para recoger los datos para cada una de estas actividades.<\/p>\n<h3><strong>Conservaci\u00f3n de datos<\/strong><\/h3>\n<p>Los datos personales proporcionados se conservar\u00e1n durante el tiempo necesario para cumplir con la finalidad para la que se piden y para determinar las posibles responsabilidades que pudieran derivarse de la finalidad, adem\u00e1s de los per\u00edodos establecidos en la normativa de archivos y documentaci\u00f3n.<\/p>\n<p>Los datos personales se conservar\u00e1n durante el tiempo obligatorio seg\u00fan las disposiciones legales aplicables. Transcurrido este plazo, los conservaremos con leg\u00edtimas finalidades de tipo estad\u00edstico, hist\u00f3rico o cient\u00edfico.<\/p>\n<h3><strong>Comunicaci\u00f3n de datos<\/strong><\/h3>\n<p>Con car\u00e1cter general no se comunicar\u00e1n los datos personales a terceros, salvo obligaci\u00f3n legal, entre los que pueden estar las comunicaciones al Defensor del Pueblo, Jueces y Tribunales, interesados en los procedimientos relacionados con las reclamaciones presentadas.<\/p>\n<h3><strong>Derechos de los interesados<\/strong><\/h3>\n<p>Cualquier persona tiene derecho a obtener confirmaci\u00f3n sobre el tratamiento de los datos que se realizan por el COAMBIB.<\/p>\n<p>Puede ejercer sus derechos de acceso, rectificaci\u00f3n, supresi\u00f3n y portabilidad de sus datos, de limitaci\u00f3n y oposici\u00f3n a su tratamiento, as\u00ed como a no ser objeto de decisiones basadas \u00fanicamente en el tratamiento automatizado de sus datos, cuando procedan, ante el responsable del tratamiento antes indicado.<\/p>\n<h3><strong>Contenido incrustado de otros sitios web<\/strong><\/h3>\n<p>Los art\u00edculos de este sitio web pueden incluir contenido incrustado (por ejemplo, v\u00eddeos, im\u00e1genes, art\u00edculos, etc.). El contenido incrustado de otros sitios web se comporta exactamente igual que si el visitante hubiera visitado el otro sitio web.<\/p>\n<p>Estos sitios web pueden recopilar datos sobre usted, utilizar cookies, incrustar un seguimiento adicional de terceros y supervisar su interacci\u00f3n con ese contenido incrustado, incluido el seguimiento de su interacci\u00f3n con el contenido incrustado si tiene una cuenta y ha iniciado sesi\u00f3n en este sitio web.<\/p>\n<h3><strong>Otras condiciones<\/strong><\/h3>\n<p>Estas condiciones complementan las recogidas en el<a href=\"https:\/\/www.coambib.org\/es\/aviso-legal\/\">Aviso Legal<\/a> y en la <a href=\"https:\/\/www.coambib.org\/es\/politica-de-cookies\/\">Pol\u00edtica de Galletas<\/a><\/p>","protected":false},"excerpt":{"rendered":"<p>A continuaci\u00f3 us informem sobre la pol\u00edtica de protecci\u00f3 de dades del COAMBIB: Responsable del tractament Les dades de car\u00e0cter personal que es poguessin demanar directament de l&#8217;interessat seran tractades de forma confidencial i quedaran incorporades a la corresponent activitat de tractament titularitat de: Ra\u00f3 Social:\u00a0Col\u00b7legi Professional de Llicenciats i Doctors en Ci\u00e8ncies Ambientals de &#8230; <\/p>\n<p class=\"read-more-container\"><a title=\"Pol\u00edtica de Privacidad\" class=\"read-more button\" href=\"https:\/\/www.coambib.org\/es\/politica-de-privacidad\/#more-3\" aria-label=\"Leer m\u00e1s sobre Pol\u00edtica de Privacitat\"> Leer m\u00e1s\u2026<\/a><\/p>","protected":false},"author":1,"featured_media":0,"parent":0,"menu_order":0,"comment_status":"closed","ping_status":"open","template":"","meta":{"_acf_changed":false,"footnotes":""},"class_list":["post-3","page","type-page","status-publish"],"acf":[],"_links":{"self":[{"href":"https:\/\/www.coambib.org\/es\/wp-json\/wp\/v2\/pages\/3","targetHints":{"allow":["GET"]}}],"collection":[{"href":"https:\/\/www.coambib.org\/es\/wp-json\/wp\/v2\/pages"}],"about":[{"href":"https:\/\/www.coambib.org\/es\/wp-json\/wp\/v2\/types\/page"}],"author":[{"embeddable":true,"href":"https:\/\/www.coambib.org\/es\/wp-json\/wp\/v2\/users\/1"}],"replies":[{"embeddable":true,"href":"https:\/\/www.coambib.org\/es\/wp-json\/wp\/v2\/comments?post=3"}],"version-history":[{"count":2,"href":"https:\/\/www.coambib.org\/es\/wp-json\/wp\/v2\/pages\/3\/revisions"}],"predecessor-version":[{"id":4999,"href":"https:\/\/www.coambib.org\/es\/wp-json\/wp\/v2\/pages\/3\/revisions\/4999"}],"wp:attachment":[{"href":"https:\/\/www.coambib.org\/es\/wp-json\/wp\/v2\/media?parent=3"}],"curies":[{"name":"wp","href":"https:\/\/api.w.org\/{rel}","templated":true}]}}