{"id":305,"date":"2021-05-30T13:18:04","date_gmt":"2021-05-30T11:18:04","guid":{"rendered":"https:\/\/www.coambclm.es\/?page_id=305"},"modified":"2026-03-12T17:31:53","modified_gmt":"2026-03-12T16:31:53","slug":"seguro-profesional","status":"publish","type":"page","link":"https:\/\/www.coambib.org\/es\/servicios\/seguro-profesional\/","title":{"rendered":"Seguro profesional"},"content":{"rendered":"<p>En colaboraci\u00f3n con la Coordinadora Estatal de Ciencias Ambientales, ofrecemos la posibilidad de contratar una <strong>Seguro de Responsabilidad Profesional y Ambiental<\/strong>, desde 85\u20ac al a\u00f1o y poder tener as\u00ed cubiertos los posibles da\u00f1os que como ambient\u00f3logo o ambient\u00f3loga puedas causar involuntariamente a terceros.<\/p>\r\n\r\n<p>Las primas anuales aproximadas en funci\u00f3n del capital asegurado son las siguientes:<\/p>\r\n\r\n<figure class=\"wp-block-image\"><img decoding=\"async\" width=\"878\" height=\"93\" class=\"wp-image-5088\" src=\"https:\/\/www.coambib.org\/wp-content\/uploads\/2025\/06\/asseguransa.png\" alt=\"\" srcset=\"https:\/\/www.coambib.org\/wp-content\/uploads\/2025\/06\/asseguransa.png 878w, https:\/\/www.coambib.org\/wp-content\/uploads\/2025\/06\/asseguransa-300x32.png 300w\" sizes=\"(max-width: 878px) 100vw, 878px\" \/><\/figure>\r\n\r\n<p>Este servicio est\u00e1 disponible s\u00f3lo por los colegiados del COAMBIB.<\/p>\r\n\r\n<h5>Puedes solicitar el alta de tu seguro profesional a continuaci\u00f3n:<\/h5>\r\n\r\n<p class=\"privado\">Contenido <b>s\u00f3lo para personas Colegiadas<\/b><\/br><a href=\"https:\/\/www.coambib.org\/wp-login.php?redirect_to=https%3A%2F%2Fwww.coambib.org%2Fes%2Fservicios%2Fseguro-profesional%2F\" title=\"Login\"><b>Iniciar Sesi\u00f3n<\/b><\/a> para verlo o <a href=\"https:\/\/www.coambib.org\/es\/el-colegio\/colegiacion\/\"><b>Colegiate<\/b><\/a>.<\/p>\r\n\r\n<p>El seguro tambi\u00e9n cubre a ambient\u00f3logos y ambient\u00f3logas con la condici\u00f3n de personal funcionario por da\u00f1os causados a terceros en el ejercicio de su actividad profesional para la que est\u00e1n legalmente habilitados, con algunas exclusiones*.\u00a0<\/p>\r\n<h5>Puedes consultar las condiciones especiales de la p\u00f3liza a continuaci\u00f3n:<\/h5>\r\n\r\n<p class=\"privado\">Contenido <b>s\u00f3lo para personas Colegiadas<\/b><\/br><a href=\"https:\/\/www.coambib.org\/wp-login.php?redirect_to=https%3A%2F%2Fwww.coambib.org%2Fes%2Fservicios%2Fseguro-profesional%2F\" title=\"Login\"><b>Iniciar Sesi\u00f3n<\/b><\/a> para verlo o <a href=\"https:\/\/www.coambib.org\/es\/el-colegio\/colegiacion\/\"><b>Colegiate<\/b><\/a>.<\/p>\r\n\r\n\r\n<p>&nbsp;<\/p>\r\n\r\n<p>A continuaci\u00f3n, se muestra de forma resumida y de forma no vinculante algunas de las coberturas:<\/p>\r\n\r\n\r\n\r\n<h3><strong>CONDICIONES DEL SEGURO DE RESPONSABILIDAD PROFESIONAL Y AMBIENTAL<\/strong><\/h3>\r\n\r\n\r\n<h4><strong>Este seguro cubre las siguientes actividades profesionales:<\/strong><\/h4>\r\n\r\n\r\n<ul class=\"wp-block-list\">\r\n<li>Gesti\u00f3n ambiental a entes privados en distintos sectores y actividades.<\/li>\r\n\r\n\r\n<li>Gesti\u00f3n y administraci\u00f3n p\u00fablica ambiental.<\/li>\r\n<li>Consultor\u00eda, auditor\u00eda, desarrollo e implantaci\u00f3n de sistemas de gesti\u00f3n ambiental.<\/li>\r\n<li>Consultor\u00eda, implantaci\u00f3n auditor\u00eda y certificaci\u00f3n en est\u00e1ndares internacionales, europeos y nacionales (ISO 9001, ISO 14001, etc.).<\/li>\r\n<li>B\u00fasqueda, investigaci\u00f3n, dise\u00f1o y desarrollo de productos, servicios y otras aplicaciones ambientales relacionadas con la ecoeficiencia y la ecoinnovaci\u00f3n.<\/li>\r\n<li>Asesoramiento cient\u00edfico y t\u00e9cnico sobre temas de sostenibilidad ambiental.<\/li>\r\n<li>Elaboraci\u00f3n de Planes de Autoprotecci\u00f3n.<\/li>\r\n<li>Asesoramiento, desarrollo y aplicaci\u00f3n de la legislaci\u00f3n ambiental.<\/li>\r\n<li>Estudio, dise\u00f1o e implantaci\u00f3n de pol\u00edticas ambientales.<\/li>\r\n<li>Planificaci\u00f3n, an\u00e1lisis y gesti\u00f3n de recursos naturales.<\/li>\r\n<li>Ordenaci\u00f3n y gesti\u00f3n del territorio.<\/li>\r\n<li>Estudio, an\u00e1lisis y gesti\u00f3n de recursos naturales.<\/li>\r\n<li>Negociaci\u00f3n, participaci\u00f3n y mediaci\u00f3n en conflictos ambientales.<\/li>\r\n<li>Sensibilizaci\u00f3n, educaci\u00f3n y comunicaci\u00f3n ambiental orientada hacia la sostenibilidad, el desarrollo y la cooperaci\u00f3n.<\/li>\r\n<li>Estudio, elaboraci\u00f3n de informes independientes, planificaci\u00f3n y prevenci\u00f3n en temas de salud y riesgo ambiental.<\/li>\r\n<li>Vigilancia, prevenci\u00f3n y control de la calidad ambiental.<\/li>\r\n<li>Gesti\u00f3n de residuos.<\/li>\r\n<li>Gesti\u00f3n de recursos h\u00eddricos.<\/li>\r\n<li>Interpretaci\u00f3n y restauraci\u00f3n ecol\u00f3gica paisaj\u00edstica.<\/li>\r\n<li>Seguridad e higiene industriales.<\/li>\r\n<li>Evaluaci\u00f3n de impacto ambiental.<\/li>\r\n<li>Econom\u00eda ambiental y econom\u00eda ecol\u00f3gica.<\/li>\r\n<li>Gesti\u00f3n energ\u00e9tica.<\/li>\r\n<li>Prevenci\u00f3n, an\u00e1lisis, gesti\u00f3n y tratamiento de la contaminaci\u00f3n.<\/li>\r\n<li>Insonorizaci\u00f3n o aislamiento ac\u00fastico.<\/li>\r\n<li>Seguridad alimentaria.<\/li><\/ul>\r\n\r\n<p>&nbsp;<\/p>\r\n<h4><strong>Garant\u00edas adicionales:<\/strong><\/h4>\r\n\r\n\r\n\r\n<ul class=\"wp-block-list\">\r\n<li>Responsabilidad civil explotaci\u00f3n: incluida.<\/li>\r\n\r\n\r\n\r\n<li>Responsabilidad medioambiental: incluida.<\/li>\r\n\r\n\r\n\r\n<li>Responsabilidad civil por contaminaci\u00f3n: incluida.<\/li>\r\n\r\n\r\n\r\n<li>Responsabilidad civil patronal (L\u00edmite por v\u00edctima): 300.000 \u20ac (o l\u00edmite contratado si \u00e9ste es inferior).<\/li>\r\n\r\n\r\n\r\n<li>Responsabilidad subsidiaria de subcontratas: incluida.<\/li>\r\n\r\n\r\n\r\n<li>Responsabilidad civil locativa: incluida.<\/li>\r\n\r\n\r\n\r\n<li>P\u00e9rdida de documentos: 50.000 \u20ac por siniestro y a\u00f1o de seguro.<\/li>\r\n\r\n\r\n\r\n<li>Gastos de rectificaci\u00f3n: 20.000\u20ac por siniestro y a\u00f1o de seguro.<\/li>\r\n\r\n\r\n\r\n<li>Inhabilitaci\u00f3n profesional: 2.000 \u20ac\/mes, per\u00edodo 12 meses.<\/li>\r\n\r\n\r\n\r\n<li>Sanciones de la Ley de Protecci\u00f3n de datos de seguro: 60.000\u20ac por siniestro y a\u00f1o de seguro.<\/li>\r\n\r\n\r\n\r\n<li>Infidelidad de empleados: 30.000\u20ac por siniestro y a\u00f1o de seguro.<\/li>\r\n\r\n\r\n\r\n<li>Defensa y fianzas: incluida.<\/li>\r\n<\/ul>\r\n\r\n\r\n\r\n<p>&nbsp;<\/p>\r\n\r\n\r\n\r\n<p>*Exclusiones de coberturas en el caso de reclamaciones contra personal funcionario:<\/p>\r\n\r\n\r\n\r\n<ul class=\"wp-block-list\">\r\n<li>Responsabilidad patrimonial por actos administrativos normativos entendi\u00e9ndose como tales los derivados de la actividad legislativa y reglamentaria.<\/li>\r\n\r\n\r\n\r\n<li>La ejecuci\u00f3n material por s\u00ed mismo, o mediante subcontratos, de obras, instalaciones o suministro de materiales.<\/li>\r\n\r\n\r\n\r\n<li>Responsabilidad resultante de asbestosis o enfermedades relacionadas derivadas de la existencia, producci\u00f3n, tratamiento, procesamiento, fabricaci\u00f3n, venta, distribuci\u00f3n, almacenamiento, dep\u00f3sito o uso de asbesto o productos que lo contengan.<\/li>\r\n\r\n\r\n\r\n<li>Reclamaciones por da\u00f1os morales, calumnias o injurias.<\/li>\r\n\r\n\r\n\r\n<li>Contaminaci\u00f3n ac\u00fastica, olfativa o paisaj\u00edstica. Esta exclusi\u00f3n s\u00f3lo ser\u00e1 de aplicaci\u00f3n para la garant\u00eda de responsabilidad medioambiental.<\/li>\r\n<\/ul>\r\n\r\n\r\n\r\n<p>Para m\u00e1s informaci\u00f3n <a href=\"https:\/\/www.coambib.org\/es\/contacto\/\" data-type=\"page\" data-id=\"325\"><strong>contacta con el COAMBIB<\/strong><\/a><\/p>\r\n\r\n\r\n\r\n<p>&nbsp;<\/p>","protected":false},"excerpt":{"rendered":"<p>En col\u00b7laboraci\u00f3 amb la Coordinadora Estatal de Ci\u00e8ncies Ambientals, oferim la possibilitat de contractar una Asseguran\u00e7a de Responsabilitat Professional i Ambiental, des de 85 \u20ac l&#8217;any i poder tenir aix\u00ed coberts els possibles danys que com a ambient\u00f2leg o ambient\u00f2loga puguis causar involunt\u00e0riament a tercers. Les primes anuals aproximades en funci\u00f3 del capital assegurat s\u00f3n &#8230; <\/p>\n<p class=\"read-more-container\"><a title=\"Seguro profesional\" class=\"read-more button\" href=\"https:\/\/www.coambib.org\/es\/servicios\/seguro-profesional\/#more-305\" aria-label=\"Leer m\u00e1s sobre Asseguran\u00e7a professional\"> Leer m\u00e1s\u2026<\/a><\/p>","protected":false},"author":1,"featured_media":5117,"parent":100,"menu_order":0,"comment_status":"closed","ping_status":"closed","template":"","meta":{"_acf_changed":false,"footnotes":""},"class_list":["post-305","page","type-page","status-publish","has-post-thumbnail"],"acf":[],"_links":{"self":[{"href":"https:\/\/www.coambib.org\/es\/wp-json\/wp\/v2\/pages\/305","targetHints":{"allow":["GET"]}}],"collection":[{"href":"https:\/\/www.coambib.org\/es\/wp-json\/wp\/v2\/pages"}],"about":[{"href":"https:\/\/www.coambib.org\/es\/wp-json\/wp\/v2\/types\/page"}],"author":[{"embeddable":true,"href":"https:\/\/www.coambib.org\/es\/wp-json\/wp\/v2\/users\/1"}],"replies":[{"embeddable":true,"href":"https:\/\/www.coambib.org\/es\/wp-json\/wp\/v2\/comments?post=305"}],"version-history":[{"count":10,"href":"https:\/\/www.coambib.org\/es\/wp-json\/wp\/v2\/pages\/305\/revisions"}],"predecessor-version":[{"id":5768,"href":"https:\/\/www.coambib.org\/es\/wp-json\/wp\/v2\/pages\/305\/revisions\/5768"}],"up":[{"embeddable":true,"href":"https:\/\/www.coambib.org\/es\/wp-json\/wp\/v2\/pages\/100"}],"wp:featuredmedia":[{"embeddable":true,"href":"https:\/\/www.coambib.org\/es\/wp-json\/wp\/v2\/media\/5117"}],"wp:attachment":[{"href":"https:\/\/www.coambib.org\/es\/wp-json\/wp\/v2\/media?parent=305"}],"curies":[{"name":"wp","href":"https:\/\/api.w.org\/{rel}","templated":true}]}}