{"id":330,"date":"2021-05-30T19:27:08","date_gmt":"2021-05-30T17:27:08","guid":{"rendered":"https:\/\/www.coambclm.es\/?page_id=330"},"modified":"2026-03-12T17:24:23","modified_gmt":"2026-03-12T16:24:23","slug":"documentacion","status":"publish","type":"page","link":"https:\/\/www.coambib.org\/es\/el-colegio\/documentacion\/","title":{"rendered":"Documentaci\u00f3n"},"content":{"rendered":"<p><span style=\"font-weight: 400;\">El \u00f3rgano de Gobierno del Colegio Profesional de Licenciados y Doctores en Ciencias Ambientales de las Illes Balears quiere que el colegio sea ejemplo de <strong>transparencia y acceso a la documentaci\u00f3n<\/strong> por este motivo, pone a disposici\u00f3n de los colegiados y p\u00fablico en general todos aquellos documentos relacionados con la gesti\u00f3n ordinaria del colegio, as\u00ed como aquellos documentos normativos que han permitido su creaci\u00f3n y funcionamiento.<\/span><\/p>\n<h3><span style=\"font-weight: 400;\">Estatutos<\/span><\/h3>\n<p><a href=\"https:\/\/www.coambib.org\/wp-content\/uploads\/2024\/03\/Estatuts_BOIB_16_Marc2023.pdf\" target=\"_blank\" rel=\"noopener\">Resoluci\u00f3n de la consejera de Presidencia, Funci\u00f3n P\u00fablica e Igualdad a propuesta del director general de Relaciones Institucionales y Cooperaci\u00f3n Local, por la que se califican positivamente a los nuevos <strong>Estatutos del Colegio Profesional de Licenciados y Doctores en Ciencias Ambientales de las Illes Balears<\/strong> y se ordena su inscripci\u00f3n en la hoja registral correspondiente del Registro de Colegios Profesionales de las Illes Balears<\/a><\/p>\n<h3><\/h3>\n<h3><span style=\"font-weight: 400;\">Actas<\/span><\/h3>\n<h4>Actas Asambleas<\/h4>\n<p class=\"privado\">Contenido <b>s\u00f3lo para personas Colegiadas<\/b><\/br><a href=\"https:\/\/www.coambib.org\/wp-login.php?redirect_to=https%3A%2F%2Fwww.coambib.org%2Fes%2Fel-colegio%2Fdocumentacion%2F\" title=\"Login\"><b>Iniciar Sesi\u00f3n<\/b><\/a> para verlo o <a href=\"https:\/\/www.coambib.org\/es\/el-colegio\/colegiacion\/\"><b>Colegiate<\/b><\/a>.<\/p>\n<h4>Actas Junta de Gobierno<\/h4>\n<p class=\"privado\">Contenido <b>s\u00f3lo para personas Colegiadas<\/b><\/br><a href=\"https:\/\/www.coambib.org\/wp-login.php?redirect_to=https%3A%2F%2Fwww.coambib.org%2Fes%2Fel-colegio%2Fdocumentacion%2F\" title=\"Login\"><b>Iniciar Sesi\u00f3n<\/b><\/a> para verlo o <a href=\"https:\/\/www.coambib.org\/es\/el-colegio\/colegiacion\/\"><b>Colegiate<\/b><\/a>.<\/p>\n<p>&nbsp;<\/p>\n<h3><span style=\"font-weight: 400;\">Memorias anuales<\/span><\/h3>\n<p class=\"privado\">Contenido <b>s\u00f3lo para personas Colegiadas<\/b><\/br><a href=\"https:\/\/www.coambib.org\/wp-login.php?redirect_to=https%3A%2F%2Fwww.coambib.org%2Fes%2Fel-colegio%2Fdocumentacion%2F\" title=\"Login\"><b>Iniciar Sesi\u00f3n<\/b><\/a> para verlo o <a href=\"https:\/\/www.coambib.org\/es\/el-colegio\/colegiacion\/\"><b>Colegiate<\/b><\/a>.<\/p>\n<h3><span style=\"font-weight: 400;\">Modificaci\u00f3n Junta de Gobierno\u00a0<\/span><\/h3>\n<p class=\"privado\">Contenido <b>s\u00f3lo para personas Colegiadas<\/b><\/br><a href=\"https:\/\/www.coambib.org\/wp-login.php?redirect_to=https%3A%2F%2Fwww.coambib.org%2Fes%2Fel-colegio%2Fdocumentacion%2F\" title=\"Login\"><b>Iniciar Sesi\u00f3n<\/b><\/a> para verlo o <a href=\"https:\/\/www.coambib.org\/es\/el-colegio\/colegiacion\/\"><b>Colegiate<\/b><\/a>.<\/p>\n<p>&nbsp;<\/p>\n<h3><span style=\"font-weight: 400;\">Normativa\u00a0<\/span><\/h3>\n<ul>\n<li style=\"font-weight: 400;\"><span style=\"font-weight: 400;\"><a href=\"https:\/\/intranet.caib.es\/eboibfront\/pdf\/VisPdf?action=VisHistoric&amp;p_any=2008&amp;p_numero=030&amp;p_finpag=6&amp;p_inipag=5&amp;idDocument=550067&amp;lang=ca\">Ley 1\/2008, de 22 de febrero, de creaci\u00f3n del Colegio Profesional de Licenciados y Doctores en Ciencias Ambientales de las Illes Balears<\/a>\u00a0<\/span><\/li>\n<li style=\"font-weight: 400;\"><a href=\"https:\/\/www.coambib.org\/wp-content\/uploads\/2024\/03\/Estatuts_BOIB_16_Marc2023.pdf\"><span style=\"font-weight: 400;\">Resoluci\u00f3n de la consejera de Presidencia, Funci\u00f3n P\u00fablica e Igualdad a propuesta del director general de Relaciones Institucionales y Cooperaci\u00f3n Local, por la que se califican positivamente los nuevos Estatutos del Colegio Profesional de Licenciados y Doctores en Ciencias Ambientales de las Illes Balears y se ordena su inscripci\u00f3n en la hoja registral correspondiente del Registro de Colegios Profesionales de las Illes Balears<\/span><\/a><\/li>\n<\/ul>","protected":false},"excerpt":{"rendered":"<p>L\u2019\u00f2rgan de Govern del Col\u00b7legi Professional de Llicenciats i Doctors en Ci\u00e8ncies Ambientals de les Illes Balears vol que el col\u00b7legi sigui exemple de transpar\u00e8ncia i acc\u00e9s a la documentaci\u00f3 per aquest motiu, posa a disposici\u00f3 dels col\u00b7legiats i p\u00fablic en general tots aquells documents relacionats amb la gesti\u00f3 ordin\u00e0ria del col\u00b7legi, aix\u00ed com aquells &#8230; <\/p>\n<p class=\"read-more-container\"><a title=\"Documentaci\u00f3n\" class=\"read-more button\" href=\"https:\/\/www.coambib.org\/es\/el-colegio\/documentacion\/#more-330\" aria-label=\"Leer m\u00e1s sobre Documentaci\u00f3\"> Leer m\u00e1s\u2026<\/a><\/p>","protected":false},"author":1,"featured_media":4826,"parent":80,"menu_order":0,"comment_status":"closed","ping_status":"closed","template":"","meta":{"_acf_changed":false,"footnotes":""},"class_list":["post-330","page","type-page","status-publish","has-post-thumbnail"],"acf":[],"_links":{"self":[{"href":"https:\/\/www.coambib.org\/es\/wp-json\/wp\/v2\/pages\/330","targetHints":{"allow":["GET"]}}],"collection":[{"href":"https:\/\/www.coambib.org\/es\/wp-json\/wp\/v2\/pages"}],"about":[{"href":"https:\/\/www.coambib.org\/es\/wp-json\/wp\/v2\/types\/page"}],"author":[{"embeddable":true,"href":"https:\/\/www.coambib.org\/es\/wp-json\/wp\/v2\/users\/1"}],"replies":[{"embeddable":true,"href":"https:\/\/www.coambib.org\/es\/wp-json\/wp\/v2\/comments?post=330"}],"version-history":[{"count":10,"href":"https:\/\/www.coambib.org\/es\/wp-json\/wp\/v2\/pages\/330\/revisions"}],"predecessor-version":[{"id":5761,"href":"https:\/\/www.coambib.org\/es\/wp-json\/wp\/v2\/pages\/330\/revisions\/5761"}],"up":[{"embeddable":true,"href":"https:\/\/www.coambib.org\/es\/wp-json\/wp\/v2\/pages\/80"}],"wp:featuredmedia":[{"embeddable":true,"href":"https:\/\/www.coambib.org\/es\/wp-json\/wp\/v2\/media\/4826"}],"wp:attachment":[{"href":"https:\/\/www.coambib.org\/es\/wp-json\/wp\/v2\/media?parent=330"}],"curies":[{"name":"wp","href":"https:\/\/api.w.org\/{rel}","templated":true}]}}