{"id":342,"date":"2021-05-30T19:38:26","date_gmt":"2021-05-30T17:38:26","guid":{"rendered":"https:\/\/www.coambclm.es\/?page_id=342"},"modified":"2025-11-11T15:36:59","modified_gmt":"2025-11-11T14:36:59","slug":"trabajo","status":"publish","type":"page","link":"https:\/\/www.coambib.org\/es\/servicios\/trabajo\/","title":{"rendered":"Trabajo"},"content":{"rendered":"<p>El servicio de empleo del COAMBIB realiza una b\u00fasqueda activa en los diferentes tableros y portales de entidades susceptibles de publicar ofertas de empleo que puedan ser atractivas para los colegiados (SOIB, BOIB, UIB, IBANAT, IEO-CSIC , SOCIB, Linkedin, etc.) y, se encarga de hacer la recopilaci\u00f3n y de enviarlas peri\u00f3dicamente al correo electr\u00f3nico del colegiado. Entre estas ofertas puede haber desde convocatorias de oposiciones o de acceso a bolsines hasta ofertas de trabajo de entidades o empresas privadas, centros de investigaci\u00f3n, etc.\u00a0<\/p>\r\n<p><\/p>","protected":false},"excerpt":{"rendered":"<p>El servei d&#8217;ocupaci\u00f3 del COAMBIB du a terme una recerca activa en els diferents taulers i portals d&#8217;entitats susceptibles de publicar ofertes d&#8217;ocupaci\u00f3 que puguin ser atractives per als col\u00b7legiats (SOIB, BOIB, UIB, IBANAT, IEO-CSIC, SOCIB, Linkedin, etc.) i, s&#8217;encarrega de fer-ne el recull i d&#8217;enviar-les peri\u00f2dicament al correu electr\u00f2nic del col\u00b7legiat. Entre aquestes ofertes &#8230; <\/p>\n<p class=\"read-more-container\"><a title=\"Trabajo\" class=\"read-more button\" href=\"https:\/\/www.coambib.org\/es\/servicios\/trabajo\/#more-342\" aria-label=\"Leer m\u00e1s sobre Feina\"> Leer m\u00e1s\u2026<\/a><\/p>","protected":false},"author":1,"featured_media":4657,"parent":100,"menu_order":0,"comment_status":"closed","ping_status":"closed","template":"","meta":{"_acf_changed":false,"footnotes":""},"class_list":["post-342","page","type-page","status-publish","has-post-thumbnail"],"acf":[],"_links":{"self":[{"href":"https:\/\/www.coambib.org\/es\/wp-json\/wp\/v2\/pages\/342","targetHints":{"allow":["GET"]}}],"collection":[{"href":"https:\/\/www.coambib.org\/es\/wp-json\/wp\/v2\/pages"}],"about":[{"href":"https:\/\/www.coambib.org\/es\/wp-json\/wp\/v2\/types\/page"}],"author":[{"embeddable":true,"href":"https:\/\/www.coambib.org\/es\/wp-json\/wp\/v2\/users\/1"}],"replies":[{"embeddable":true,"href":"https:\/\/www.coambib.org\/es\/wp-json\/wp\/v2\/comments?post=342"}],"version-history":[{"count":11,"href":"https:\/\/www.coambib.org\/es\/wp-json\/wp\/v2\/pages\/342\/revisions"}],"predecessor-version":[{"id":5509,"href":"https:\/\/www.coambib.org\/es\/wp-json\/wp\/v2\/pages\/342\/revisions\/5509"}],"up":[{"embeddable":true,"href":"https:\/\/www.coambib.org\/es\/wp-json\/wp\/v2\/pages\/100"}],"wp:featuredmedia":[{"embeddable":true,"href":"https:\/\/www.coambib.org\/es\/wp-json\/wp\/v2\/media\/4657"}],"wp:attachment":[{"href":"https:\/\/www.coambib.org\/es\/wp-json\/wp\/v2\/media?parent=342"}],"curies":[{"name":"wp","href":"https:\/\/api.w.org\/{rel}","templated":true}]}}