{"id":3968,"date":"2023-07-15T18:08:21","date_gmt":"2023-07-15T16:08:21","guid":{"rendered":"https:\/\/www.coambib.org\/?page_id=3968"},"modified":"2026-03-30T18:26:52","modified_gmt":"2026-03-30T16:26:52","slug":"quienes","status":"publish","type":"page","link":"https:\/\/www.coambib.org\/es\/el-colegio\/quienes\/","title":{"rendered":"\u00bfQui\u00e9nes somos?"},"content":{"rendered":"<h2>Colegio de Ambient\u00f3logos de las Illes Balears (COAMBIB)<\/h2>\n<p>El COAMBIB agrupa a los profesionales que ejercen la profesi\u00f3n de<strong>ambient\u00f3logo\/a<\/strong> dentro del territorio de las <strong>Illes Balears<\/strong>.<\/p>\n<p>Creado mediante la<a href=\"https:\/\/www.caib.es\/sites\/institutestudisautonomics\/ca\/n\/llei_12008_de_22_de_febrer_de_creacio_del_collegi_professional_de_llicenciats_i_doctors_en_ciencies_ambientals_de_les_illes_balears_-57885\/\" target=\"_blank\" rel=\"noopener\"> <em>Ley 1\/2008, de 22 de febrero, de creaci\u00f3n del Colegio Profesional de Licenciados y Doctores en Ciencias Ambientales de las Illes Balears<\/em><\/a> (BOIB N\u00fam.30 de 1 de marzo de 2008). Dispone de personalidad jur\u00eddica, regulada por estatutos propios aprobados por Resoluci\u00f3n de aprobaci\u00f3n de los <a href=\"https:\/\/intranet.caib.es\/eboibfront\/ca\/2023\/11708\/671076\/resolucio-de-la-consellera-de-presidencia-funcio-p\" target=\"_blank\" rel=\"noopener\"><em>Estatutos del Colegio Profesional de Licenciados y Doctores en Ciencias Ambientales de las Illes Balears<\/em><\/a> (BOIB N\u00fam. 34 de 16 de marzo de 2023). Se rige por la <a href=\"https:\/\/www.caib.es\/sites\/institutestudisautonomics\/ca\/n\/llei_101998_de_14_de_desembre_de_collegis_professionals_de_les_illes_balears_-60854\/\" target=\"_blank\" rel=\"noopener\"><em>Ley 10\/1998, de diciembre, de Colegios profesionales de las Illes Balears<\/em><\/a> y por el resto de disposiciones legales que le sean de aplicaci\u00f3n.<\/p>\n<p>Los \u00f3rganos de gobierno del COAMBIB son el<strong>Asamblea General<\/strong> y la <strong>Junta de Gobierno<\/strong>. Tambi\u00e9n dispone de la Comisi\u00f3n Econ\u00f3mica y de la Comisi\u00f3n Permanente.<\/p>\n<p>Para m\u00e1s detalles, consulte las funciones y los estatutos del colegio.<\/p>\n<h3>Finalidades<\/h3>\n<p>El COAMBIB tiene como fin esencial representar, defender e impulsar el papel de los ambient\u00f3logos\/as, as\u00ed como los profesionales del medio ambiente, ordenar el ejercicio de su profesi\u00f3n, velar por la \u00e9tica profesional, y promover el respeto al medio ambiente entre la sociedad, colaborando con las administraciones p\u00fablicas para satisfacer ese inter\u00e9s general amparado por el art\u00edculo 45 de la Constituci\u00f3n sobre el Derecho al Medio Ambiente.<\/p>\n<h3>Visi\u00f3n<\/h3>\n<p>En cuanto a la visi\u00f3n del Colegio de Ambient\u00f3logos, \u00e9sta es ser el referente de los profesionales del medio ambiente de las Illes Balears ofreciendo los servicios que \u00e9stos requieren y manteniendo la proyecci\u00f3n institucional, social y ambiental del Colegio para reforzar la proyecci\u00f3n de la profesi\u00f3n. En una visi\u00f3n m\u00e1s amplia es contribuir a crear una sociedad en la que la prosperidad garantice la conservaci\u00f3n de los recursos naturales.<\/p>\n<h3>Funciones<\/h3>\n<p>Para proyectar esta visi\u00f3n se fomentar\u00e1n las funciones centradas en la protecci\u00f3n laboral de los ambient\u00f3logos y ambient\u00f3logas. \u00c9sta incluye facilitar el ejercicio de la profesi\u00f3n, tanto por cuenta propia como en administraciones p\u00fablicas, centros de investigaci\u00f3n y centros docentes; proponer a la administraci\u00f3n la adopci\u00f3n de medidas relacionadas con el ejercicio de la profesi\u00f3n y el cumplimiento de los acuerdos y leyes ambientales; informar sobre los proyectos y disposiciones normativas que afecten al ejercicio de la profesi\u00f3n y promover la formaci\u00f3n continua de los colegiados y de la sociedad, as\u00ed como participar en los debates y la creaci\u00f3n de opini\u00f3n sobre los retos y las pol\u00edticas ambientales y de sostenibilidad en las Illes Balears.<\/p>\n<h3>Valores<\/h3>\n<p>Los principales valores del COAMBIB son: compromiso con la sostenibilidad, profesionalidad y rigor en la pr\u00e1ctica profesional, aprendizaje continuo, uni\u00f3n de esfuerzos por conseguir objetivos, interdisciplinariedad y optimismo hacia la aplicaci\u00f3n de soluciones.<\/p>\n<h3>Junta de Gobierno del COAMBIB<\/h3>\n<div id='gallery-1' class='gallery galleryid-3968 gallery-columns-3 gallery-size-thumbnail'><figure class='gallery-item'>\n\t\t\t<div class='gallery-icon landscape'>\n\t\t\t\t<a href='https:\/\/www.coambib.org\/es\/el-colegio\/quienes\/attachment\/carme-alomar\/#main'><img decoding=\"async\" width=\"300\" height=\"300\" src=\"https:\/\/www.coambib.org\/wp-content\/uploads\/2025\/04\/Carme-Alomar-300x300.jpg\" class=\"attachment-thumbnail size-thumbnail\" alt=\"\" aria-describedby=\"gallery-1-5021\" srcset=\"https:\/\/www.coambib.org\/wp-content\/uploads\/2025\/04\/Carme-Alomar-300x300.jpg 300w, https:\/\/www.coambib.org\/wp-content\/uploads\/2025\/04\/Carme-Alomar.jpg 1200w\" sizes=\"(max-width: 300px) 100vw, 300px\" \/><\/a>\n\t\t\t<\/div>\n\t\t\t\t<figcaption class='wp-caption-text gallery-caption' id='gallery-1-5021'>\n\t\t\t\tDecana: Carme Alomar Mascar\u00f3\n\t\t\t\t<\/figcaption><\/figure><figure class='gallery-item'>\n\t\t\t<div class='gallery-icon landscape'>\n\t\t\t\t<a href='https:\/\/www.coambib.org\/es\/el-colegio\/quienes\/attachment\/merce-morato-2\/#main'><img decoding=\"async\" width=\"300\" height=\"300\" src=\"https:\/\/www.coambib.org\/wp-content\/uploads\/2025\/09\/Merce-Morato-300x300.jpg\" class=\"attachment-thumbnail size-thumbnail\" alt=\"\" aria-describedby=\"gallery-1-5317\" srcset=\"https:\/\/www.coambib.org\/wp-content\/uploads\/2025\/09\/Merce-Morato-300x300.jpg 300w, https:\/\/www.coambib.org\/wp-content\/uploads\/2025\/09\/Merce-Morato.jpg 1200w\" sizes=\"(max-width: 300px) 100vw, 300px\" \/><\/a>\n\t\t\t<\/div>\n\t\t\t\t<figcaption class='wp-caption-text gallery-caption' id='gallery-1-5317'>\n\t\t\t\tVicedecana: Merc\u00e8 Morat\u00f3 Trobat\n\t\t\t\t<\/figcaption><\/figure><figure class='gallery-item'>\n\t\t\t<div class='gallery-icon landscape'>\n\t\t\t\t<a href='https:\/\/www.coambib.org\/es\/el-colegio\/quienes\/attachment\/maria-lopez\/#main'><img decoding=\"async\" width=\"300\" height=\"300\" src=\"https:\/\/www.coambib.org\/wp-content\/uploads\/2025\/04\/Maria-Lopez-300x300.jpg\" class=\"attachment-thumbnail size-thumbnail\" alt=\"\" aria-describedby=\"gallery-1-5026\" srcset=\"https:\/\/www.coambib.org\/wp-content\/uploads\/2025\/04\/Maria-Lopez-300x300.jpg 300w, https:\/\/www.coambib.org\/wp-content\/uploads\/2025\/04\/Maria-Lopez.jpg 636w\" sizes=\"(max-width: 300px) 100vw, 300px\" \/><\/a>\n\t\t\t<\/div>\n\t\t\t\t<figcaption class='wp-caption-text gallery-caption' id='gallery-1-5026'>\n\t\t\t\tSecretaria: Mar\u00eda L\u00f3pez Trillo\n\t\t\t\t<\/figcaption><\/figure><figure class='gallery-item'>\n\t\t\t<div class='gallery-icon landscape'>\n\t\t\t\t<a href='https:\/\/www.coambib.org\/es\/el-colegio\/quienes\/attachment\/jorge-gimenez\/#main'><img decoding=\"async\" width=\"300\" height=\"300\" src=\"https:\/\/www.coambib.org\/wp-content\/uploads\/2025\/04\/Jorge-Gimenez-300x300.jpg\" class=\"attachment-thumbnail size-thumbnail\" alt=\"\" aria-describedby=\"gallery-1-5025\" srcset=\"https:\/\/www.coambib.org\/wp-content\/uploads\/2025\/04\/Jorge-Gimenez-300x300.jpg 300w, https:\/\/www.coambib.org\/wp-content\/uploads\/2025\/04\/Jorge-Gimenez.jpg 1200w\" sizes=\"(max-width: 300px) 100vw, 300px\" \/><\/a>\n\t\t\t<\/div>\n\t\t\t\t<figcaption class='wp-caption-text gallery-caption' id='gallery-1-5025'>\n\t\t\t\tTesorero: Jorge Gim\u00e9nez Ib\u00e1\u00f1ez\n\t\t\t\t<\/figcaption><\/figure><figure class='gallery-item'>\n\t\t\t<div class='gallery-icon landscape'>\n\t\t\t\t<a href='https:\/\/www.coambib.org\/es\/el-colegio\/quienes\/attachment\/monica-mir\/#main'><img decoding=\"async\" width=\"300\" height=\"300\" src=\"https:\/\/www.coambib.org\/wp-content\/uploads\/2025\/04\/Monica-Mir-300x300.jpg\" class=\"attachment-thumbnail size-thumbnail\" alt=\"\" aria-describedby=\"gallery-1-5027\" srcset=\"https:\/\/www.coambib.org\/wp-content\/uploads\/2025\/04\/Monica-Mir-300x300.jpg 300w, https:\/\/www.coambib.org\/wp-content\/uploads\/2025\/04\/Monica-Mir.jpg 640w\" sizes=\"(max-width: 300px) 100vw, 300px\" \/><\/a>\n\t\t\t<\/div>\n\t\t\t\t<figcaption class='wp-caption-text gallery-caption' id='gallery-1-5027'>\n\t\t\t\tVocal: M\u00f2nica Mir Florit (territorial Menorca)\n\t\t\t\t<\/figcaption><\/figure><figure class='gallery-item'>\n\t\t\t<div class='gallery-icon landscape'>\n\t\t\t\t<a href='https:\/\/www.coambib.org\/es\/el-colegio\/quienes\/attachment\/img-20260320-wa0020\/#main'><img decoding=\"async\" width=\"300\" height=\"300\" src=\"https:\/\/www.coambib.org\/wp-content\/uploads\/2026\/03\/IMG-20260320-WA0020-300x300.jpg\" class=\"attachment-thumbnail size-thumbnail\" alt=\"\" aria-describedby=\"gallery-1-5785\" srcset=\"https:\/\/www.coambib.org\/wp-content\/uploads\/2026\/03\/IMG-20260320-WA0020-300x300.jpg 300w, https:\/\/www.coambib.org\/wp-content\/uploads\/2026\/03\/IMG-20260320-WA0020.jpg 1094w\" sizes=\"(max-width: 300px) 100vw, 300px\" \/><\/a>\n\t\t\t<\/div>\n\t\t\t\t<figcaption class='wp-caption-text gallery-caption' id='gallery-1-5785'>\n\t\t\t\tVocal: Florencia Dell&#039;Agnolo P\u00e9rez (territorial Eivissa)\n\t\t\t\t<\/figcaption><\/figure><figure class='gallery-item'>\n\t\t\t<div class='gallery-icon landscape'>\n\t\t\t\t<a href='https:\/\/www.coambib.org\/es\/el-colegio\/quienes\/attachment\/chema-disdier\/#main'><img decoding=\"async\" width=\"300\" height=\"300\" src=\"https:\/\/www.coambib.org\/wp-content\/uploads\/2025\/04\/Chema-Disdier-300x300.jpg\" class=\"attachment-thumbnail size-thumbnail\" alt=\"\" aria-describedby=\"gallery-1-5023\" srcset=\"https:\/\/www.coambib.org\/wp-content\/uploads\/2025\/04\/Chema-Disdier-300x300.jpg 300w, https:\/\/www.coambib.org\/wp-content\/uploads\/2025\/04\/Chema-Disdier.jpg 688w\" sizes=\"(max-width: 300px) 100vw, 300px\" \/><\/a>\n\t\t\t<\/div>\n\t\t\t\t<figcaption class='wp-caption-text gallery-caption' id='gallery-1-5023'>\n\t\t\t\tVocal: Chema Disdier G\u00f3mez\n\t\t\t\t<\/figcaption><\/figure><figure class='gallery-item'>\n\t\t\t<div class='gallery-icon landscape'>\n\t\t\t\t<a href='https:\/\/www.coambib.org\/es\/el-colegio\/quienes\/attachment\/milenka-holgado\/#main'><img decoding=\"async\" width=\"300\" height=\"300\" src=\"https:\/\/www.coambib.org\/wp-content\/uploads\/2026\/03\/Milenka-Holgado-300x300.jpg\" class=\"attachment-thumbnail size-thumbnail\" alt=\"\" aria-describedby=\"gallery-1-5777\" srcset=\"https:\/\/www.coambib.org\/wp-content\/uploads\/2026\/03\/Milenka-Holgado-300x300.jpg 300w, https:\/\/www.coambib.org\/wp-content\/uploads\/2026\/03\/Milenka-Holgado.jpg 1094w\" sizes=\"(max-width: 300px) 100vw, 300px\" \/><\/a>\n\t\t\t<\/div>\n\t\t\t\t<figcaption class='wp-caption-text gallery-caption' id='gallery-1-5777'>\n\t\t\t\tVocal: Milenka Holgado Algorta\n\t\t\t\t<\/figcaption><\/figure><figure class='gallery-item'>\n\t\t\t<div class='gallery-icon landscape'>\n\t\t\t\t<a href='https:\/\/www.coambib.org\/es\/el-colegio\/quienes\/attachment\/joan-llado\/#main'><img decoding=\"async\" width=\"300\" height=\"300\" src=\"https:\/\/www.coambib.org\/wp-content\/uploads\/2026\/03\/Joan-Llado-300x300.jpg\" class=\"attachment-thumbnail size-thumbnail\" alt=\"\" aria-describedby=\"gallery-1-5776\" srcset=\"https:\/\/www.coambib.org\/wp-content\/uploads\/2026\/03\/Joan-Llado-300x300.jpg 300w, https:\/\/www.coambib.org\/wp-content\/uploads\/2026\/03\/Joan-Llado.jpg 1094w\" sizes=\"(max-width: 300px) 100vw, 300px\" \/><\/a>\n\t\t\t<\/div>\n\t\t\t\t<figcaption class='wp-caption-text gallery-caption' id='gallery-1-5776'>\n\t\t\t\tVocal: Joan Llad\u00f3 Se\u00f1\u00e1n\n\t\t\t\t<\/figcaption><\/figure><figure class='gallery-item'>\n\t\t\t<div class='gallery-icon landscape'>\n\t\t\t\t<a href='https:\/\/www.coambib.org\/es\/el-colegio\/quienes\/attachment\/leticia-pou\/#main'><img decoding=\"async\" width=\"300\" height=\"300\" src=\"https:\/\/www.coambib.org\/wp-content\/uploads\/2026\/03\/Leticia-Pou-300x300.jpg\" class=\"attachment-thumbnail size-thumbnail\" alt=\"\" aria-describedby=\"gallery-1-5818\" srcset=\"https:\/\/www.coambib.org\/wp-content\/uploads\/2026\/03\/Leticia-Pou-300x300.jpg 300w, https:\/\/www.coambib.org\/wp-content\/uploads\/2026\/03\/Leticia-Pou.jpg 1200w\" sizes=\"(max-width: 300px) 100vw, 300px\" \/><\/a>\n\t\t\t<\/div>\n\t\t\t\t<figcaption class='wp-caption-text gallery-caption' id='gallery-1-5818'>\n\t\t\t\tVocal: Leticia Pou Ferrutxe\n\t\t\t\t<\/figcaption><\/figure><figure class='gallery-item'>\n\t\t\t<div class='gallery-icon landscape'>\n\t\t\t\t<a href='https:\/\/www.coambib.org\/es\/el-colegio\/quienes\/attachment\/nando-sabate\/#main'><img decoding=\"async\" width=\"300\" height=\"300\" src=\"https:\/\/www.coambib.org\/wp-content\/uploads\/2025\/04\/Nando-Sabate-300x300.jpg\" class=\"attachment-thumbnail size-thumbnail\" alt=\"\" aria-describedby=\"gallery-1-5028\" srcset=\"https:\/\/www.coambib.org\/wp-content\/uploads\/2025\/04\/Nando-Sabate-300x300.jpg 300w, https:\/\/www.coambib.org\/wp-content\/uploads\/2025\/04\/Nando-Sabate.jpg 1094w\" sizes=\"(max-width: 300px) 100vw, 300px\" \/><\/a>\n\t\t\t<\/div>\n\t\t\t\t<figcaption class='wp-caption-text gallery-caption' id='gallery-1-5028'>\n\t\t\t\tVocal: Nando Sabat\u00e9 Barbero\n\t\t\t\t<\/figcaption><\/figure>\n\t\t<\/div>\n\n<p>&nbsp;<\/p>\n<h3>Secretaria t\u00e9cnica<\/h3>\n<div id='gallery-2' class='gallery galleryid-3968 gallery-columns-3 gallery-size-thumbnail'><figure class='gallery-item'>\n\t\t\t<div class='gallery-icon landscape'>\n\t\t\t\t<a href='https:\/\/www.coambib.org\/es\/el-colegio\/quienes\/attachment\/ona-mir\/#main'><img decoding=\"async\" width=\"300\" height=\"300\" src=\"https:\/\/www.coambib.org\/wp-content\/uploads\/2026\/03\/Ona-Mir-300x300.jpg\" class=\"attachment-thumbnail size-thumbnail\" alt=\"\" aria-describedby=\"gallery-2-5788\" srcset=\"https:\/\/www.coambib.org\/wp-content\/uploads\/2026\/03\/Ona-Mir-300x300.jpg 300w, https:\/\/www.coambib.org\/wp-content\/uploads\/2026\/03\/Ona-Mir.jpg 1200w\" sizes=\"(max-width: 300px) 100vw, 300px\" \/><\/a>\n\t\t\t<\/div>\n\t\t\t\t<figcaption class='wp-caption-text gallery-caption' id='gallery-2-5788'>\n\t\t\t\tSecretaria t\u00e9cnica: Ona Mir\n\t\t\t\t<\/figcaption><\/figure>\n\t\t<\/div>","protected":false},"excerpt":{"rendered":"<p>Col\u00b7legi d\u2019Ambient\u00f2legs de les Illes Balears (COAMBIB) El COAMBIB agrupa als professionals que exerceixen la professi\u00f3 d\u2019ambient\u00f2leg\/a dins el territori de les Illes Balears. Creat mitjan\u00e7ant la Llei 1\/2008, de 22 de febrer, de creaci\u00f3 del Col\u00b7legi Professional de Llicenciats i Doctors en Ci\u00e8ncies Ambientals de les Illes Balears (BOIB N\u00fam.30 de 1 de mar\u00e7 &#8230; <\/p>\n<p class=\"read-more-container\"><a title=\"\u00bfQui\u00e9nes somos?\" class=\"read-more button\" href=\"https:\/\/www.coambib.org\/es\/el-colegio\/quienes\/#more-3968\" aria-label=\"Leer m\u00e1s sobre Qui som?\"> Leer m\u00e1s\u2026<\/a><\/p>","protected":false},"author":1,"featured_media":4681,"parent":80,"menu_order":0,"comment_status":"closed","ping_status":"closed","template":"","meta":{"_acf_changed":false,"footnotes":""},"class_list":["post-3968","page","type-page","status-publish","has-post-thumbnail"],"acf":[],"_links":{"self":[{"href":"https:\/\/www.coambib.org\/es\/wp-json\/wp\/v2\/pages\/3968","targetHints":{"allow":["GET"]}}],"collection":[{"href":"https:\/\/www.coambib.org\/es\/wp-json\/wp\/v2\/pages"}],"about":[{"href":"https:\/\/www.coambib.org\/es\/wp-json\/wp\/v2\/types\/page"}],"author":[{"embeddable":true,"href":"https:\/\/www.coambib.org\/es\/wp-json\/wp\/v2\/users\/1"}],"replies":[{"embeddable":true,"href":"https:\/\/www.coambib.org\/es\/wp-json\/wp\/v2\/comments?post=3968"}],"version-history":[{"count":10,"href":"https:\/\/www.coambib.org\/es\/wp-json\/wp\/v2\/pages\/3968\/revisions"}],"predecessor-version":[{"id":5819,"href":"https:\/\/www.coambib.org\/es\/wp-json\/wp\/v2\/pages\/3968\/revisions\/5819"}],"up":[{"embeddable":true,"href":"https:\/\/www.coambib.org\/es\/wp-json\/wp\/v2\/pages\/80"}],"wp:featuredmedia":[{"embeddable":true,"href":"https:\/\/www.coambib.org\/es\/wp-json\/wp\/v2\/media\/4681"}],"wp:attachment":[{"href":"https:\/\/www.coambib.org\/es\/wp-json\/wp\/v2\/media?parent=3968"}],"curies":[{"name":"wp","href":"https:\/\/api.w.org\/{rel}","templated":true}]}}