{"id":4316,"date":"2023-07-24T18:24:59","date_gmt":"2023-07-24T16:24:59","guid":{"rendered":"https:\/\/www.coambib.org\/?page_id=4316"},"modified":"2025-04-01T16:08:11","modified_gmt":"2025-04-01T14:08:11","slug":"quienes-2","status":"publish","type":"page","link":"https:\/\/www.coambib.org\/es\/el-colegio\/quienes-2\/","title":{"rendered":"Censo de Colegiados"},"content":{"rendered":"<p class=\"gb-headline gb-headline-48f52595 gb-headline-text\">A trav\u00e9s de este directorio es posible consultar el Censo de Miembros Colegiados en <span style=\"font-weight:bold;\"><span style=\"color:#01666B;\">COAMB<\/span><span style=\"color:#02BFCE;\">IB<\/span><\/span> :<\/p>\r\n\r\n\r\n\r\n<ul class=\"wp-block-list\">\r\n<li>Con <strong>titulaci\u00f3n oficial <\/strong>en Ciencias Ambientales.<\/li>\r\n\r\n\r\n\r\n<li><strong>Habilidades <\/strong>para la profesi\u00f3n.<\/li>\r\n<\/ul>\r\n\r\n\r\n\r\n<p class=\"gb-headline gb-headline-e4df9546 gb-headline-text\">Introduzca el <strong>nombre, apellidos o n\u00famero de colegiado<\/strong> a consultar:<\/p>\r\n\r\n\r\n\r\n<p class=\"gb-headline gb-headline-26cae28f gb-headline-text\"><em>Se recuerda que la informaci\u00f3n mostrada es regulada por la legislaci\u00f3n de <strong>protecci\u00f3n de datos personales.<\/strong><\/em><\/p>\r\n\r\n\r\n<div class=\"gb-container gb-container-1591a935\"><div class=\"gb-inside-container\">\r\n\r\n<a name='dud-top-of-directory'><\/a><form id='dud_user_srch' class='clearfix' method='post' action=\"\">\n    \t<div class='user-srch clearfix'>\n          \t\t<div id='dud_srch_val_container'>\t\t<input type='hidden' id='dud_user_srch_key' name='dud_user_srch_key' value='Last Name'>\n                        \t\t\t<div id='dud_text_input' style='display:inline;'><input type='text' onchange='add_params_to_url()'; id='dud_user_srch_val' name='dud_user_srch_val' style=''                         value='' maxlength='50' placeholder='Buscar...'\/><\/div>\n                \t\t\t<input type='hidden' name='export_dir' id='export_dir' value='y'\/><input type='hidden' name='search_button_clicked' id='search_button_clicked' value=''\/><button type='submit' class='dud-srch-icon' style='color:dimgray;' id='dud_user_srch_submit' name='dud_user_srch_submit' onclick='document.getElementById(\"search_button_clicked\").value=1;' value=''> <\/button>\n<div id=\"clear-srch\"><a style=\"color:darkgray;text-decoration:none;border-bottom:0px;box-shadow:none;\" href=\"https:\/\/www.coambib.org\/es\/el-colegio\/quienes-2\/\"><i class=\"fa fa-times-circle dud-clr-srch-icon\" aria-hidden=\"true\"><\/i><div id=\"clear-srch-text\">Clear<\/div><\/a><\/div>\n          \t\t<\/div> \n     \t<\/div>\n<input type=\"hidden\" name=\"trp-form-language\" value=\"es\"\/><\/form><br>\n\n<\/div><\/div>\r\n\r\n\r\n<p class=\"gb-headline gb-headline-623eea18 gb-headline-text\">\u00a0<\/p>","protected":false},"excerpt":{"rendered":"<p>A trav\u00e9s d&#8217;aquest directori \u00e9s possible consultar el Cens de Membres Col\u00b7legiats al : Introdu\u00efu el nom, cognoms o n\u00famero de col\u00b7legiat a consultar: Es recorda que la informaci\u00f3 mostrada \u00e9s regulada per la legislaci\u00f3 de protecci\u00f3 de dades personals. \u00a0<\/p>","protected":false},"author":1,"featured_media":4828,"parent":80,"menu_order":0,"comment_status":"closed","ping_status":"closed","template":"","meta":{"_acf_changed":false,"footnotes":""},"class_list":["post-4316","page","type-page","status-publish","has-post-thumbnail"],"acf":[],"_links":{"self":[{"href":"https:\/\/www.coambib.org\/es\/wp-json\/wp\/v2\/pages\/4316","targetHints":{"allow":["GET"]}}],"collection":[{"href":"https:\/\/www.coambib.org\/es\/wp-json\/wp\/v2\/pages"}],"about":[{"href":"https:\/\/www.coambib.org\/es\/wp-json\/wp\/v2\/types\/page"}],"author":[{"embeddable":true,"href":"https:\/\/www.coambib.org\/es\/wp-json\/wp\/v2\/users\/1"}],"replies":[{"embeddable":true,"href":"https:\/\/www.coambib.org\/es\/wp-json\/wp\/v2\/comments?post=4316"}],"version-history":[{"count":1,"href":"https:\/\/www.coambib.org\/es\/wp-json\/wp\/v2\/pages\/4316\/revisions"}],"predecessor-version":[{"id":4829,"href":"https:\/\/www.coambib.org\/es\/wp-json\/wp\/v2\/pages\/4316\/revisions\/4829"}],"up":[{"embeddable":true,"href":"https:\/\/www.coambib.org\/es\/wp-json\/wp\/v2\/pages\/80"}],"wp:featuredmedia":[{"embeddable":true,"href":"https:\/\/www.coambib.org\/es\/wp-json\/wp\/v2\/media\/4828"}],"wp:attachment":[{"href":"https:\/\/www.coambib.org\/es\/wp-json\/wp\/v2\/media?parent=4316"}],"curies":[{"name":"wp","href":"https:\/\/api.w.org\/{rel}","templated":true}]}}