{"id":4359,"date":"2023-08-25T18:47:50","date_gmt":"2023-08-25T16:47:50","guid":{"rendered":"https:\/\/www.coambib.org\/?page_id=4359"},"modified":"2025-04-05T09:04:58","modified_gmt":"2025-04-05T07:04:58","slug":"seguro-profesional-2","status":"publish","type":"page","link":"https:\/\/www.coambib.org\/es\/servicios\/seguro-profesional-2\/","title":{"rendered":"Ventanilla \u00danica"},"content":{"rendered":"<p>En virtud de los t\u00e9rminos establecidos por la Ley \u00d3mnibus (Ley 25\/2009 de 22 de diciembre), que entr\u00f3 en vigor el 27 de diciembre de 2009, de modificaci\u00f3n de varias leyes para su adaptaci\u00f3n a la Ley sobre el libre acceso a las actividades de servicios y su ejercicio, el COAMBIB pone a disposici\u00f3n de todos los uno <strong>servicio de Ventanilla \u00danica a trav\u00e9s de este Portal Web<\/strong>.<\/p>\r\n\r\n\r\n\r\n<p>En este portal web dispones de forma<strong> unificada de toda la documentaci\u00f3n<\/strong>\u00a0y\u00a0<strong>formularios<\/strong>\u00a0que puedas necesitar. Sin embargo, si echas algo de menos puedes solicitarlo <a href=\"https:\/\/www.coambib.org\/es\/contacto\/\" data-type=\"page\" data-id=\"325\">enviando un mensaje<\/a>. A modo de resumen, a continuaci\u00f3n se muestran los principales formularios y documentaci\u00f3n del COAMBIB:<\/p>\r\n\r\n\r\n\r\n<ul class=\"wp-block-list\">\r\n<li><a href=\"https:\/\/www.coambib.org\/es\/el-colegio\/documentacion\/\" data-type=\"page\" data-id=\"330\">Documentaci\u00f3n<\/a><\/li>\r\n\r\n\r\n\r\n<li><a href=\"https:\/\/www.coambib.org\/es\/el-colegio\/colegiacion\/\" data-type=\"page\" data-id=\"58\">Colegiaci\u00f3n<\/a><\/li>\r\n\r\n\r\n\r\n<li><a href=\"https:\/\/www.coambib.org\/es\/contacto\/\" data-type=\"page\" data-id=\"325\">Contacto<\/a><\/li>\r\n<\/ul>","protected":false},"excerpt":{"rendered":"<p>En virtut dels termes establerts per la Llei \u00d2mnibus (Llei 25\/2009 de 22 de desembre), que va entrar en vigor el 27 de desembre de 2009, de modificaci\u00f3 de diverses lleis per a la seva adaptaci\u00f3 a la Llei sobre el lliure acc\u00e9s a les activitats de serveis i el seu exercici, el COAMBIB posa &#8230; <\/p>\n<p class=\"read-more-container\"><a title=\"Ventanilla \u00danica\" class=\"read-more button\" href=\"https:\/\/www.coambib.org\/es\/servicios\/seguro-profesional-2\/#more-4359\" aria-label=\"Leer m\u00e1s sobre Finestreta \u00danica\"> Leer m\u00e1s\u2026<\/a><\/p>","protected":false},"author":1,"featured_media":4659,"parent":100,"menu_order":0,"comment_status":"closed","ping_status":"closed","template":"","meta":{"_acf_changed":false,"footnotes":""},"class_list":["post-4359","page","type-page","status-publish","has-post-thumbnail"],"acf":[],"_links":{"self":[{"href":"https:\/\/www.coambib.org\/es\/wp-json\/wp\/v2\/pages\/4359","targetHints":{"allow":["GET"]}}],"collection":[{"href":"https:\/\/www.coambib.org\/es\/wp-json\/wp\/v2\/pages"}],"about":[{"href":"https:\/\/www.coambib.org\/es\/wp-json\/wp\/v2\/types\/page"}],"author":[{"embeddable":true,"href":"https:\/\/www.coambib.org\/es\/wp-json\/wp\/v2\/users\/1"}],"replies":[{"embeddable":true,"href":"https:\/\/www.coambib.org\/es\/wp-json\/wp\/v2\/comments?post=4359"}],"version-history":[{"count":1,"href":"https:\/\/www.coambib.org\/es\/wp-json\/wp\/v2\/pages\/4359\/revisions"}],"predecessor-version":[{"id":4866,"href":"https:\/\/www.coambib.org\/es\/wp-json\/wp\/v2\/pages\/4359\/revisions\/4866"}],"up":[{"embeddable":true,"href":"https:\/\/www.coambib.org\/es\/wp-json\/wp\/v2\/pages\/100"}],"wp:featuredmedia":[{"embeddable":true,"href":"https:\/\/www.coambib.org\/es\/wp-json\/wp\/v2\/media\/4659"}],"wp:attachment":[{"href":"https:\/\/www.coambib.org\/es\/wp-json\/wp\/v2\/media?parent=4359"}],"curies":[{"name":"wp","href":"https:\/\/api.w.org\/{rel}","templated":true}]}}