{"id":5894,"date":"2026-04-25T12:49:27","date_gmt":"2026-04-25T10:49:27","guid":{"rendered":"https:\/\/www.coambib.org\/?page_id=5894"},"modified":"2026-04-27T17:57:20","modified_gmt":"2026-04-27T15:57:20","slug":"directori-entitats","status":"publish","type":"page","link":"https:\/\/www.coambib.org\/es\/servicios\/directori-entitats\/","title":{"rendered":"Directorio de Entidades"},"content":{"rendered":"<p>Directori d&#8217;Empreses <strong>creades per ambient\u00f2legs<\/strong> o que compten a la seva <strong>plantilla amb ambient\u00f2legs<\/strong> contractats.<\/p>\n<p class=\"acao-text-note\"><em>El directori es mostra <strong>ordenat aleat\u00f2riament.<\/strong><\/em><\/p>","protected":false},"excerpt":{"rendered":"<p>Directori d&#8217;Empreses creades per ambient\u00f2legs o que compten a la seva plantilla amb ambient\u00f2legs contractats. El directori es mostra ordenat aleat\u00f2riament.<\/p>","protected":false},"author":1,"featured_media":4282,"parent":100,"menu_order":0,"comment_status":"closed","ping_status":"closed","template":"","meta":{"_acf_changed":false,"footnotes":""},"class_list":["post-5894","page","type-page","status-publish","has-post-thumbnail"],"acf":[],"_links":{"self":[{"href":"https:\/\/www.coambib.org\/es\/wp-json\/wp\/v2\/pages\/5894","targetHints":{"allow":["GET"]}}],"collection":[{"href":"https:\/\/www.coambib.org\/es\/wp-json\/wp\/v2\/pages"}],"about":[{"href":"https:\/\/www.coambib.org\/es\/wp-json\/wp\/v2\/types\/page"}],"author":[{"embeddable":true,"href":"https:\/\/www.coambib.org\/es\/wp-json\/wp\/v2\/users\/1"}],"replies":[{"embeddable":true,"href":"https:\/\/www.coambib.org\/es\/wp-json\/wp\/v2\/comments?post=5894"}],"version-history":[{"count":3,"href":"https:\/\/www.coambib.org\/es\/wp-json\/wp\/v2\/pages\/5894\/revisions"}],"predecessor-version":[{"id":5939,"href":"https:\/\/www.coambib.org\/es\/wp-json\/wp\/v2\/pages\/5894\/revisions\/5939"}],"up":[{"embeddable":true,"href":"https:\/\/www.coambib.org\/es\/wp-json\/wp\/v2\/pages\/100"}],"wp:featuredmedia":[{"embeddable":true,"href":"https:\/\/www.coambib.org\/es\/wp-json\/wp\/v2\/media\/4282"}],"wp:attachment":[{"href":"https:\/\/www.coambib.org\/es\/wp-json\/wp\/v2\/media?parent=5894"}],"curies":[{"name":"wp","href":"https:\/\/api.w.org\/{rel}","templated":true}]}}