{"id":69,"date":"2019-11-25T13:37:21","date_gmt":"2019-11-25T12:37:21","guid":{"rendered":"https:\/\/www.coambclm.es\/formacion\/"},"modified":"2026-03-27T10:41:34","modified_gmt":"2026-03-27T09:41:34","slug":"formacion","status":"publish","type":"page","link":"https:\/\/www.coambib.org\/es\/formacion\/","title":{"rendered":"Formaci\u00f3n"},"content":{"rendered":"<p>El \u00c1rea de Formaci\u00f3n del <span style=\"font-weight:bold;\"><span style=\"color:#01666B;\">COAMB<\/span><span style=\"color:#02BFCE;\">IB<\/span><\/span> ofrece cursos para profesionales ambient\u00f3logos y ambient\u00f3logos y tambi\u00e9n a otros profesionales del sector ambiental, profesiones afines y la sociedad en general. Queremos contribuir a la difusi\u00f3n del conocimiento de las ciencias ambientales y la sostenibilidad entre la sociedad.<\/p>\n<h4 class=\"wp-block-heading\">Tipo de cursos:<\/h4>\n<ul>\n<li style=\"list-style-type: none;\">\n<ul>\n<li><strong>Conocimientos ambientales: <\/strong>actualizaci\u00f3n de conocimientos para ambient\u00f3logos y ambient\u00f3logas, otros profesionales y\/o personas interesadas en el medio ambiente y la sostenibilidad, en tem\u00e1ticas como: residuos, gesti\u00f3n del agua, energ\u00eda y cambio clim\u00e1tico territorio y medio natural, recursos naturales, recursos marinos u objetivos de desarrollo sostenible.<\/li>\n<li><strong>Nuevas herramientas y competencias:<\/strong> auditor\u00edas ambientales, peritaciones, implantaci\u00f3n de econom\u00eda circular, certificaciones o dise\u00f1o de itinerarios de educaci\u00f3n ambiental.<\/li>\n<li><strong>Desarrollo profesional:<\/strong> apoyo a la labor profesional por cuenta propia como emprendedur\u00eda, fiscalidad y r\u00e9gimen laboral, habilidades comunicativas o mejora personal y profesional.<\/li>\n<li><strong>Acceso a la administraci\u00f3n p\u00fablica a plazas de t\u00e9cnico ambiental<\/strong>: temarios de oposiciones a cuerpo facultativo superior de ciencias ambientales ya t\u00e9cnico de medio ambiente en la administraci\u00f3n local.<\/li>\n<\/ul>\n<\/li>\n<\/ul>\n<p>&nbsp;<\/p>\n<p>&nbsp;<\/p>\n<h3 class=\"wp-block-heading\">Cursos ISM:<\/h3>\n<p class=\"privado\">Contenido <b>s\u00f3lo para personas Colegiadas<\/b><\/br><a href=\"https:\/\/www.coambib.org\/wp-login.php?redirect_to=https%3A%2F%2Fwww.coambib.org%2Fes%2Fformacion%2F\" title=\"Login\"><b>Iniciar Sesi\u00f3n<\/b><\/a> para verlo o <a href=\"https:\/\/www.coambib.org\/es\/el-colegio\/colegiacion\/\"><b>Colegiate<\/b><\/a>.<\/p>\n<p>&nbsp;<\/p>\n<p><a href=\"https:\/\/www.ismedioambiente.com\/\"><img decoding=\"async\" class=\"wp-image-5576 aligncenter\" src=\"https:\/\/www.coambib.org\/wp-content\/uploads\/2025\/11\/Logo-sin-fondo_ISM.png\" alt=\"\" width=\"292\" height=\"78\" srcset=\"https:\/\/www.coambib.org\/wp-content\/uploads\/2025\/11\/Logo-sin-fondo_ISM.png 400w, https:\/\/www.coambib.org\/wp-content\/uploads\/2025\/11\/Logo-sin-fondo_ISM-300x80.png 300w\" sizes=\"(max-width: 292px) 100vw, 292px\" \/><\/a><\/p>\n<p>&nbsp;<\/p>\n<h3>Cursos EMS:<\/h3>\n<p class=\"privado\">Contenido <b>s\u00f3lo para personas Colegiadas<\/b><\/br><a href=\"https:\/\/www.coambib.org\/wp-login.php?redirect_to=https%3A%2F%2Fwww.coambib.org%2Fes%2Fformacion%2F\" title=\"Login\"><b>Iniciar Sesi\u00f3n<\/b><\/a> para verlo o <a href=\"https:\/\/www.coambib.org\/es\/el-colegio\/colegiacion\/\"><b>Colegiate<\/b><\/a>.<\/p>\n<p>&nbsp;<\/p>\n<p><img decoding=\"async\" class=\"size-thumbnail wp-image-5801 aligncenter\" src=\"https:\/\/www.coambib.org\/wp-content\/uploads\/2026\/03\/EMS_logotip_2024_positiu-300x112.png\" alt=\"\" width=\"300\" height=\"112\" srcset=\"https:\/\/www.coambib.org\/wp-content\/uploads\/2026\/03\/EMS_logotip_2024_positiu-300x112.png 300w, https:\/\/www.coambib.org\/wp-content\/uploads\/2026\/03\/EMS_logotip_2024_positiu.png 1200w\" sizes=\"(max-width: 300px) 100vw, 300px\" \/><\/p>\n<p>&nbsp;<\/p>\n<h3 class=\"wp-block-heading\">Otras ofertas formativas:<\/h3>\n<p class=\"privado\">Contenido <b>s\u00f3lo para personas Colegiadas<\/b><\/br><a href=\"https:\/\/www.coambib.org\/wp-login.php?redirect_to=https%3A%2F%2Fwww.coambib.org%2Fes%2Fformacion%2F\" title=\"Login\"><b>Iniciar Sesi\u00f3n<\/b><\/a> para verlo o <a href=\"https:\/\/www.coambib.org\/es\/el-colegio\/colegiacion\/\"><b>Colegiate<\/b><\/a>.<\/p>\n<p>&nbsp;<\/p>","protected":false},"excerpt":{"rendered":"<p>L&#8217;\u00c0rea de Formaci\u00f3 del ofereix cursos per a professionals ambient\u00f2legs i ambient\u00f2legs i tamb\u00e9 a altres professionals del sector ambiental, professions afins i la societat en general. Volem contribuir a la difusi\u00f3 del coneixement de les Ci\u00e8ncies Ambientals i la sostenibilitat entre la societat. Tipus de cursos: Coneixements ambientals: actualitzaci\u00f3 de coneixements per a ambient\u00f2legs &#8230; <\/p>\n<p class=\"read-more-container\"><a title=\"Formaci\u00f3n\" class=\"read-more button\" href=\"https:\/\/www.coambib.org\/es\/formacion\/#more-69\" aria-label=\"Leer m\u00e1s sobre Formaci\u00f3\"> Leer m\u00e1s\u2026<\/a><\/p>","protected":false},"author":1,"featured_media":4661,"parent":0,"menu_order":-1,"comment_status":"closed","ping_status":"closed","template":"","meta":{"_acf_changed":false,"footnotes":""},"class_list":["post-69","page","type-page","status-publish","has-post-thumbnail"],"acf":[],"_links":{"self":[{"href":"https:\/\/www.coambib.org\/es\/wp-json\/wp\/v2\/pages\/69","targetHints":{"allow":["GET"]}}],"collection":[{"href":"https:\/\/www.coambib.org\/es\/wp-json\/wp\/v2\/pages"}],"about":[{"href":"https:\/\/www.coambib.org\/es\/wp-json\/wp\/v2\/types\/page"}],"author":[{"embeddable":true,"href":"https:\/\/www.coambib.org\/es\/wp-json\/wp\/v2\/users\/1"}],"replies":[{"embeddable":true,"href":"https:\/\/www.coambib.org\/es\/wp-json\/wp\/v2\/comments?post=69"}],"version-history":[{"count":11,"href":"https:\/\/www.coambib.org\/es\/wp-json\/wp\/v2\/pages\/69\/revisions"}],"predecessor-version":[{"id":5813,"href":"https:\/\/www.coambib.org\/es\/wp-json\/wp\/v2\/pages\/69\/revisions\/5813"}],"wp:featuredmedia":[{"embeddable":true,"href":"https:\/\/www.coambib.org\/es\/wp-json\/wp\/v2\/media\/4661"}],"wp:attachment":[{"href":"https:\/\/www.coambib.org\/es\/wp-json\/wp\/v2\/media?parent=69"}],"curies":[{"name":"wp","href":"https:\/\/api.w.org\/{rel}","templated":true}]}}